{"id":136,"date":"2020-09-20T17:56:12","date_gmt":"2020-09-20T17:56:12","guid":{"rendered":"https:\/\/medstat.eu\/?page_id=136"},"modified":"2020-10-11T18:17:04","modified_gmt":"2020-10-11T18:17:04","slug":"service","status":"publish","type":"page","link":"https:\/\/medstat.eu\/en\/service\/","title":{"rendered":"Services"},"content":{"rendered":"<h1>BETTER INFORMATION. BETTER RESULTS.<\/h1>\n<p>The quality of health care is not only a great challenge for patients and care providers, but also for the public in general. Especially in times of limited financial means, an increased input of resources does not necessarily result in better performance-quality of health care providers. Furthermore, compensation is only litigable if a valid assessment, in consideration of maximum risk-adjustment, allows for a comparison between alternative and historical stages of development.<\/p>\n<p><i>Only if quality can be measured and scaled, it can also be improved.<\/i><\/p>","protected":false},"excerpt":{"rendered":"<p>BETTER INFORMATION. BETTER RESULTS. Die Qualit\u00e4t der Gesundheitsversorgung ist sowohl f\u00fcr Patienten wie auch f\u00fcr die Leistungserbringer, aber auch f\u00fcr [&hellip;]<\/p>","protected":false},"author":1,"featured_media":204,"parent":0,"menu_order":0,"comment_status":"closed","ping_status":"closed","template":"services.php","meta":[],"acf":[],"yoast_head":"<!-- This site is optimized with the Yoast SEO plugin v19.13 - https:\/\/yoast.com\/wordpress\/plugins\/seo\/ -->\n<title>Services - Medstat<\/title>\n<meta name=\"robots\" content=\"index, follow, max-snippet:-1, max-image-preview:large, max-video-preview:-1\" \/>\n<link rel=\"canonical\" href=\"https:\/\/medstat.eu\/en\/service\/\" \/>\n<meta property=\"og:locale\" content=\"en_US\" \/>\n<meta property=\"og:type\" content=\"article\" \/>\n<meta property=\"og:title\" content=\"Services - Medstat\" \/>\n<meta property=\"og:description\" content=\"BETTER INFORMATION. BETTER RESULTS. Die Qualit\u00e4t der Gesundheitsversorgung ist sowohl f\u00fcr Patienten wie auch f\u00fcr die Leistungserbringer, aber auch f\u00fcr [&hellip;]\" \/>\n<meta property=\"og:url\" content=\"https:\/\/medstat.eu\/en\/service\/\" \/>\n<meta property=\"og:site_name\" content=\"Medstat\" \/>\n<meta property=\"article:modified_time\" content=\"2020-10-11T18:17:04+00:00\" \/>\n<meta property=\"og:image\" content=\"https:\/\/medstat.eu\/wp-content\/uploads\/2020\/09\/LEISTUNGEN_NEU.jpg\" \/>\n\t<meta property=\"og:image:width\" content=\"1282\" \/>\n\t<meta property=\"og:image:height\" content=\"855\" \/>\n\t<meta property=\"og:image:type\" content=\"image\/jpeg\" \/>\n<meta name=\"twitter:card\" content=\"summary_large_image\" \/>\n<script type=\"application\/ld+json\" class=\"yoast-schema-graph\">{\"@context\":\"https:\/\/schema.org\",\"@graph\":[{\"@type\":\"WebPage\",\"@id\":\"https:\/\/medstat.eu\/service\/\",\"url\":\"https:\/\/medstat.eu\/service\/\",\"name\":\"Services - Medstat\",\"isPartOf\":{\"@id\":\"https:\/\/medstat.eu\/en\/#website\"},\"datePublished\":\"2020-09-20T17:56:12+00:00\",\"dateModified\":\"2020-10-11T18:17:04+00:00\",\"breadcrumb\":{\"@id\":\"https:\/\/medstat.eu\/service\/#breadcrumb\"},\"inLanguage\":\"en-US\",\"potentialAction\":[{\"@type\":\"ReadAction\",\"target\":[\"https:\/\/medstat.eu\/service\/\"]}]},{\"@type\":\"BreadcrumbList\",\"@id\":\"https:\/\/medstat.eu\/service\/#breadcrumb\",\"itemListElement\":[{\"@type\":\"ListItem\",\"position\":1,\"name\":\"Home\",\"item\":\"https:\/\/medstat.eu\/\"},{\"@type\":\"ListItem\",\"position\":2,\"name\":\"Services\"}]},{\"@type\":\"WebSite\",\"@id\":\"https:\/\/medstat.eu\/en\/#website\",\"url\":\"https:\/\/medstat.eu\/en\/\",\"name\":\"Medstat\",\"description\":\"BETTER INFORMATION BETTER RESULTS\",\"potentialAction\":[{\"@type\":\"SearchAction\",\"target\":{\"@type\":\"EntryPoint\",\"urlTemplate\":\"https:\/\/medstat.eu\/en\/?s={search_term_string}\"},\"query-input\":\"required name=search_term_string\"}],\"inLanguage\":\"en-US\"}]}<\/script>\n<!-- \/ Yoast SEO plugin. -->","yoast_head_json":{"title":"Services - Medstat","robots":{"index":"index","follow":"follow","max-snippet":"max-snippet:-1","max-image-preview":"max-image-preview:large","max-video-preview":"max-video-preview:-1"},"canonical":"https:\/\/medstat.eu\/en\/service\/","og_locale":"en_US","og_type":"article","og_title":"Services - Medstat","og_description":"BETTER INFORMATION. BETTER RESULTS. Die Qualit\u00e4t der Gesundheitsversorgung ist sowohl f\u00fcr Patienten wie auch f\u00fcr die Leistungserbringer, aber auch f\u00fcr [&hellip;]","og_url":"https:\/\/medstat.eu\/en\/service\/","og_site_name":"Medstat","article_modified_time":"2020-10-11T18:17:04+00:00","og_image":[{"width":1282,"height":855,"url":"https:\/\/medstat.eu\/wp-content\/uploads\/2020\/09\/LEISTUNGEN_NEU.jpg","type":"image\/jpeg"}],"twitter_card":"summary_large_image","schema":{"@context":"https:\/\/schema.org","@graph":[{"@type":"WebPage","@id":"https:\/\/medstat.eu\/service\/","url":"https:\/\/medstat.eu\/service\/","name":"Services - Medstat","isPartOf":{"@id":"https:\/\/medstat.eu\/en\/#website"},"datePublished":"2020-09-20T17:56:12+00:00","dateModified":"2020-10-11T18:17:04+00:00","breadcrumb":{"@id":"https:\/\/medstat.eu\/service\/#breadcrumb"},"inLanguage":"en-US","potentialAction":[{"@type":"ReadAction","target":["https:\/\/medstat.eu\/service\/"]}]},{"@type":"BreadcrumbList","@id":"https:\/\/medstat.eu\/service\/#breadcrumb","itemListElement":[{"@type":"ListItem","position":1,"name":"Home","item":"https:\/\/medstat.eu\/"},{"@type":"ListItem","position":2,"name":"Services"}]},{"@type":"WebSite","@id":"https:\/\/medstat.eu\/en\/#website","url":"https:\/\/medstat.eu\/en\/","name":"Medstat","description":"BETTER INFORMATION BETTER RESULTS","potentialAction":[{"@type":"SearchAction","target":{"@type":"EntryPoint","urlTemplate":"https:\/\/medstat.eu\/en\/?s={search_term_string}"},"query-input":"required name=search_term_string"}],"inLanguage":"en-US"}]}},"_links":{"self":[{"href":"https:\/\/medstat.eu\/en\/wp-json\/wp\/v2\/pages\/136"}],"collection":[{"href":"https:\/\/medstat.eu\/en\/wp-json\/wp\/v2\/pages"}],"about":[{"href":"https:\/\/medstat.eu\/en\/wp-json\/wp\/v2\/types\/page"}],"author":[{"embeddable":true,"href":"https:\/\/medstat.eu\/en\/wp-json\/wp\/v2\/users\/1"}],"replies":[{"embeddable":true,"href":"https:\/\/medstat.eu\/en\/wp-json\/wp\/v2\/comments?post=136"}],"version-history":[{"count":10,"href":"https:\/\/medstat.eu\/en\/wp-json\/wp\/v2\/pages\/136\/revisions"}],"predecessor-version":[{"id":268,"href":"https:\/\/medstat.eu\/en\/wp-json\/wp\/v2\/pages\/136\/revisions\/268"}],"wp:featuredmedia":[{"embeddable":true,"href":"https:\/\/medstat.eu\/en\/wp-json\/wp\/v2\/media\/204"}],"wp:attachment":[{"href":"https:\/\/medstat.eu\/en\/wp-json\/wp\/v2\/media?parent=136"}],"curies":[{"name":"wp","href":"https:\/\/api.w.org\/{rel}","templated":true}]}}