{"id":419,"date":"2024-09-11T13:18:06","date_gmt":"2024-09-11T13:18:06","guid":{"rendered":"https:\/\/medstat.eu\/?page_id=419"},"modified":"2024-10-29T15:26:09","modified_gmt":"2024-10-29T15:26:09","slug":"quick-check-cost-cutting","status":"publish","type":"page","link":"https:\/\/medstat.eu\/en\/quick-check-cost-cutting\/","title":{"rendered":"Kostenoptimierung: <span>Bedeutende Einsparungen durch Ver\u00e4nderung der Verbrauchskennzahlen<\/span>"},"content":{"rendered":"<div class=\"qc-cont\">\n<h2 style=\"text-align: center;\">Med. Risikoadjustierung<\/h2>\n<h3 style=\"text-align: center;\">er\u00f6ffnet neue Perspektiven f\u00fcr Sach- und Personalkosten-Management Ihrer medizinischen <span class=\"qc-hlght\">Behandlungsqualit\u00e4t<\/span> und <span class=\"qc-hlght\">Erl\u00f6ssteigerungen<\/span><\/h3>\n<\/div>\n<p>&nbsp;<\/p>\n<p style=\"text-align: left;\"><strong>Eine qualitativ hochwertige medizinische Risikoadjustierung hilft die Erl\u00f6ssituation Ihrer Klinik zu verbessern und Resultate jenseits der bisherigen Grenzen zu erzielen.<\/strong><\/p>\n<p style=\"text-align: left;\"><strong>M\u00f6chten Sie wissen, wie viel Potenzial Ihre Klinik noch zur Steigerung des Erl\u00f6ses hat?<\/strong> Unser kostenloser Quick-Check gibt Ihnen eine erste Einsch\u00e4tzung Ihrer M\u00f6glichkeiten. Wir sind darauf spezialisiert, den Erl\u00f6s in med. Bereichen zu steigern, welche bisher ungenutzt blieben \u2013 und das ganz ohne Risiko f\u00fcr Sie!<\/p>","protected":false},"excerpt":{"rendered":"<p>Med. Risikoadjustierung er\u00f6ffnet neue Perspektiven f\u00fcr Sach- und Personalkosten-Management Ihrer medizinischen Behandlungsqualit\u00e4t und Erl\u00f6ssteigerungen &nbsp; Eine qualitativ hochwertige medizinische Risikoadjustierung [&hellip;]<\/p>","protected":false},"author":2,"featured_media":359,"parent":0,"menu_order":0,"comment_status":"closed","ping_status":"closed","template":"quick-check.php","meta":[],"acf":[],"yoast_head":"<!-- This site is optimized with the Yoast SEO plugin v19.13 - https:\/\/yoast.com\/wordpress\/plugins\/seo\/ -->\n<title>Kostenoptimierung: Bedeutende Einsparungen durch Ver\u00e4nderung der Verbrauchskennzahlen - Medstat<\/title>\n<meta name=\"robots\" content=\"index, follow, max-snippet:-1, max-image-preview:large, max-video-preview:-1\" \/>\n<link rel=\"canonical\" href=\"https:\/\/medstat.eu\/en\/quick-check-cost-cutting\/\" \/>\n<meta property=\"og:locale\" content=\"en_US\" \/>\n<meta property=\"og:type\" content=\"article\" \/>\n<meta property=\"og:title\" content=\"Kostenoptimierung: Bedeutende Einsparungen durch Ver\u00e4nderung der Verbrauchskennzahlen - Medstat\" \/>\n<meta property=\"og:description\" content=\"Med. Risikoadjustierung er\u00f6ffnet neue Perspektiven f\u00fcr Sach- und Personalkosten-Management Ihrer medizinischen Behandlungsqualit\u00e4t und Erl\u00f6ssteigerungen &nbsp; Eine qualitativ hochwertige medizinische Risikoadjustierung [&hellip;]\" \/>\n<meta property=\"og:url\" content=\"https:\/\/medstat.eu\/en\/quick-check-cost-cutting\/\" \/>\n<meta property=\"og:site_name\" content=\"Medstat\" \/>\n<meta property=\"article:modified_time\" content=\"2024-10-29T15:26:09+00:00\" \/>\n<meta property=\"og:image\" content=\"https:\/\/medstat.eu\/wp-content\/uploads\/2024\/08\/quick-check.jpg\" \/>\n\t<meta property=\"og:image:width\" content=\"1282\" \/>\n\t<meta property=\"og:image:height\" content=\"854\" \/>\n\t<meta property=\"og:image:type\" content=\"image\/jpeg\" \/>\n<meta name=\"twitter:card\" content=\"summary_large_image\" \/>\n<meta name=\"twitter:label1\" content=\"Est. reading time\" \/>\n\t<meta name=\"twitter:data1\" content=\"1 minute\" \/>\n<script type=\"application\/ld+json\" class=\"yoast-schema-graph\">{\"@context\":\"https:\/\/schema.org\",\"@graph\":[{\"@type\":\"WebPage\",\"@id\":\"https:\/\/medstat.eu\/quick-check-cost-cutting\/\",\"url\":\"https:\/\/medstat.eu\/quick-check-cost-cutting\/\",\"name\":\"Kostenoptimierung: Bedeutende Einsparungen durch Ver\u00e4nderung der Verbrauchskennzahlen - Medstat\",\"isPartOf\":{\"@id\":\"https:\/\/medstat.eu\/en\/#website\"},\"datePublished\":\"2024-09-11T13:18:06+00:00\",\"dateModified\":\"2024-10-29T15:26:09+00:00\",\"breadcrumb\":{\"@id\":\"https:\/\/medstat.eu\/quick-check-cost-cutting\/#breadcrumb\"},\"inLanguage\":\"en-US\",\"potentialAction\":[{\"@type\":\"ReadAction\",\"target\":[\"https:\/\/medstat.eu\/quick-check-cost-cutting\/\"]}]},{\"@type\":\"BreadcrumbList\",\"@id\":\"https:\/\/medstat.eu\/quick-check-cost-cutting\/#breadcrumb\",\"itemListElement\":[{\"@type\":\"ListItem\",\"position\":1,\"name\":\"Home\",\"item\":\"https:\/\/medstat.eu\/\"},{\"@type\":\"ListItem\",\"position\":2,\"name\":\"Kostenoptimierung: Bedeutende Einsparungen durch Ver\u00e4nderung der Verbrauchskennzahlen\"}]},{\"@type\":\"WebSite\",\"@id\":\"https:\/\/medstat.eu\/en\/#website\",\"url\":\"https:\/\/medstat.eu\/en\/\",\"name\":\"Medstat\",\"description\":\"BETTER INFORMATION BETTER RESULTS\",\"potentialAction\":[{\"@type\":\"SearchAction\",\"target\":{\"@type\":\"EntryPoint\",\"urlTemplate\":\"https:\/\/medstat.eu\/en\/?s={search_term_string}\"},\"query-input\":\"required name=search_term_string\"}],\"inLanguage\":\"en-US\"}]}<\/script>\n<!-- \/ Yoast SEO plugin. -->","yoast_head_json":{"title":"Kostenoptimierung: Bedeutende Einsparungen durch Ver\u00e4nderung der Verbrauchskennzahlen - Medstat","robots":{"index":"index","follow":"follow","max-snippet":"max-snippet:-1","max-image-preview":"max-image-preview:large","max-video-preview":"max-video-preview:-1"},"canonical":"https:\/\/medstat.eu\/en\/quick-check-cost-cutting\/","og_locale":"en_US","og_type":"article","og_title":"Kostenoptimierung: Bedeutende Einsparungen durch Ver\u00e4nderung der Verbrauchskennzahlen - Medstat","og_description":"Med. Risikoadjustierung er\u00f6ffnet neue Perspektiven f\u00fcr Sach- und Personalkosten-Management Ihrer medizinischen Behandlungsqualit\u00e4t und Erl\u00f6ssteigerungen &nbsp; Eine qualitativ hochwertige medizinische Risikoadjustierung [&hellip;]","og_url":"https:\/\/medstat.eu\/en\/quick-check-cost-cutting\/","og_site_name":"Medstat","article_modified_time":"2024-10-29T15:26:09+00:00","og_image":[{"width":1282,"height":854,"url":"https:\/\/medstat.eu\/wp-content\/uploads\/2024\/08\/quick-check.jpg","type":"image\/jpeg"}],"twitter_card":"summary_large_image","twitter_misc":{"Est. reading time":"1 minute"},"schema":{"@context":"https:\/\/schema.org","@graph":[{"@type":"WebPage","@id":"https:\/\/medstat.eu\/quick-check-cost-cutting\/","url":"https:\/\/medstat.eu\/quick-check-cost-cutting\/","name":"Kostenoptimierung: Bedeutende Einsparungen durch Ver\u00e4nderung der Verbrauchskennzahlen - Medstat","isPartOf":{"@id":"https:\/\/medstat.eu\/en\/#website"},"datePublished":"2024-09-11T13:18:06+00:00","dateModified":"2024-10-29T15:26:09+00:00","breadcrumb":{"@id":"https:\/\/medstat.eu\/quick-check-cost-cutting\/#breadcrumb"},"inLanguage":"en-US","potentialAction":[{"@type":"ReadAction","target":["https:\/\/medstat.eu\/quick-check-cost-cutting\/"]}]},{"@type":"BreadcrumbList","@id":"https:\/\/medstat.eu\/quick-check-cost-cutting\/#breadcrumb","itemListElement":[{"@type":"ListItem","position":1,"name":"Home","item":"https:\/\/medstat.eu\/"},{"@type":"ListItem","position":2,"name":"Kostenoptimierung: Bedeutende Einsparungen durch Ver\u00e4nderung der Verbrauchskennzahlen"}]},{"@type":"WebSite","@id":"https:\/\/medstat.eu\/en\/#website","url":"https:\/\/medstat.eu\/en\/","name":"Medstat","description":"BETTER INFORMATION BETTER RESULTS","potentialAction":[{"@type":"SearchAction","target":{"@type":"EntryPoint","urlTemplate":"https:\/\/medstat.eu\/en\/?s={search_term_string}"},"query-input":"required name=search_term_string"}],"inLanguage":"en-US"}]}},"_links":{"self":[{"href":"https:\/\/medstat.eu\/en\/wp-json\/wp\/v2\/pages\/419"}],"collection":[{"href":"https:\/\/medstat.eu\/en\/wp-json\/wp\/v2\/pages"}],"about":[{"href":"https:\/\/medstat.eu\/en\/wp-json\/wp\/v2\/types\/page"}],"author":[{"embeddable":true,"href":"https:\/\/medstat.eu\/en\/wp-json\/wp\/v2\/users\/2"}],"replies":[{"embeddable":true,"href":"https:\/\/medstat.eu\/en\/wp-json\/wp\/v2\/comments?post=419"}],"version-history":[{"count":53,"href":"https:\/\/medstat.eu\/en\/wp-json\/wp\/v2\/pages\/419\/revisions"}],"predecessor-version":[{"id":486,"href":"https:\/\/medstat.eu\/en\/wp-json\/wp\/v2\/pages\/419\/revisions\/486"}],"wp:featuredmedia":[{"embeddable":true,"href":"https:\/\/medstat.eu\/en\/wp-json\/wp\/v2\/media\/359"}],"wp:attachment":[{"href":"https:\/\/medstat.eu\/en\/wp-json\/wp\/v2\/media?parent=419"}],"curies":[{"name":"wp","href":"https:\/\/api.w.org\/{rel}","templated":true}]}}