{"id":81,"date":"2020-09-20T13:08:18","date_gmt":"2020-09-20T13:08:18","guid":{"rendered":"https:\/\/medstat.eu\/?page_id=81"},"modified":"2020-10-09T08:03:17","modified_gmt":"2020-10-09T08:03:17","slug":"about-us","status":"publish","type":"page","link":"https:\/\/medstat.eu\/en\/about-us\/","title":{"rendered":"About Us"},"content":{"rendered":"<p>The passion of our employees at MEDSTAT S.A. for the subject of medical excellence is, of course, self-evident. We understand ourselves as a team in which every member provides special expertise to the whole and therefore complements his or her colleagues in order to provide the highest value for the customer. This is complemented by the methodological uniqueness of selected instruments in the area of quality assessments.<\/p>\n<p>Through our long-standing international experience, high methodological competence and staff with high professional excellence you can expect new impulses for the quality and cost-management of your clinic or your network of ambulant health care providers.<\/p>","protected":false},"excerpt":{"rendered":"<p>Die Leidenschaft f\u00fcr das Thema der medizinischen Exzellenz ist f\u00fcr alle Mitarbeiter von MEDSTAT S.A. selbstverst\u00e4ndlich. Wir verstehen uns dabei [&hellip;]<\/p>","protected":false},"author":1,"featured_media":79,"parent":0,"menu_order":0,"comment_status":"closed","ping_status":"closed","template":"about-us.php","meta":[],"acf":[],"yoast_head":"<!-- This site is optimized with the Yoast SEO plugin v19.13 - https:\/\/yoast.com\/wordpress\/plugins\/seo\/ -->\n<title>About Us - Medstat<\/title>\n<meta name=\"robots\" content=\"index, follow, max-snippet:-1, max-image-preview:large, max-video-preview:-1\" \/>\n<link rel=\"canonical\" href=\"https:\/\/medstat.eu\/en\/about-us\/\" \/>\n<meta property=\"og:locale\" content=\"en_US\" \/>\n<meta property=\"og:type\" content=\"article\" \/>\n<meta property=\"og:title\" content=\"About Us - Medstat\" \/>\n<meta property=\"og:description\" content=\"Die Leidenschaft f\u00fcr das Thema der medizinischen Exzellenz ist f\u00fcr alle Mitarbeiter von MEDSTAT S.A. selbstverst\u00e4ndlich. Wir verstehen uns dabei [&hellip;]\" \/>\n<meta property=\"og:url\" content=\"https:\/\/medstat.eu\/en\/about-us\/\" \/>\n<meta property=\"og:site_name\" content=\"Medstat\" \/>\n<meta property=\"article:modified_time\" content=\"2020-10-09T08:03:17+00:00\" \/>\n<meta property=\"og:image\" content=\"https:\/\/medstat.eu\/wp-content\/uploads\/2020\/09\/UNTERNEHMEN_NEU.jpg\" \/>\n\t<meta property=\"og:image:width\" content=\"1282\" \/>\n\t<meta property=\"og:image:height\" content=\"721\" \/>\n\t<meta property=\"og:image:type\" content=\"image\/jpeg\" \/>\n<meta name=\"twitter:card\" content=\"summary_large_image\" \/>\n<meta name=\"twitter:label1\" content=\"Est. reading time\" \/>\n\t<meta name=\"twitter:data1\" content=\"1 minute\" \/>\n<script type=\"application\/ld+json\" class=\"yoast-schema-graph\">{\"@context\":\"https:\/\/schema.org\",\"@graph\":[{\"@type\":\"WebPage\",\"@id\":\"https:\/\/medstat.eu\/about-us\/\",\"url\":\"https:\/\/medstat.eu\/about-us\/\",\"name\":\"About Us - Medstat\",\"isPartOf\":{\"@id\":\"https:\/\/medstat.eu\/en\/#website\"},\"datePublished\":\"2020-09-20T13:08:18+00:00\",\"dateModified\":\"2020-10-09T08:03:17+00:00\",\"breadcrumb\":{\"@id\":\"https:\/\/medstat.eu\/about-us\/#breadcrumb\"},\"inLanguage\":\"en-US\",\"potentialAction\":[{\"@type\":\"ReadAction\",\"target\":[\"https:\/\/medstat.eu\/about-us\/\"]}]},{\"@type\":\"BreadcrumbList\",\"@id\":\"https:\/\/medstat.eu\/about-us\/#breadcrumb\",\"itemListElement\":[{\"@type\":\"ListItem\",\"position\":1,\"name\":\"Home\",\"item\":\"https:\/\/medstat.eu\/\"},{\"@type\":\"ListItem\",\"position\":2,\"name\":\"About Us\"}]},{\"@type\":\"WebSite\",\"@id\":\"https:\/\/medstat.eu\/en\/#website\",\"url\":\"https:\/\/medstat.eu\/en\/\",\"name\":\"Medstat\",\"description\":\"BETTER INFORMATION BETTER RESULTS\",\"potentialAction\":[{\"@type\":\"SearchAction\",\"target\":{\"@type\":\"EntryPoint\",\"urlTemplate\":\"https:\/\/medstat.eu\/en\/?s={search_term_string}\"},\"query-input\":\"required name=search_term_string\"}],\"inLanguage\":\"en-US\"}]}<\/script>\n<!-- \/ Yoast SEO plugin. -->","yoast_head_json":{"title":"About Us - Medstat","robots":{"index":"index","follow":"follow","max-snippet":"max-snippet:-1","max-image-preview":"max-image-preview:large","max-video-preview":"max-video-preview:-1"},"canonical":"https:\/\/medstat.eu\/en\/about-us\/","og_locale":"en_US","og_type":"article","og_title":"About Us - Medstat","og_description":"Die Leidenschaft f\u00fcr das Thema der medizinischen Exzellenz ist f\u00fcr alle Mitarbeiter von MEDSTAT S.A. selbstverst\u00e4ndlich. Wir verstehen uns dabei [&hellip;]","og_url":"https:\/\/medstat.eu\/en\/about-us\/","og_site_name":"Medstat","article_modified_time":"2020-10-09T08:03:17+00:00","og_image":[{"width":1282,"height":721,"url":"https:\/\/medstat.eu\/wp-content\/uploads\/2020\/09\/UNTERNEHMEN_NEU.jpg","type":"image\/jpeg"}],"twitter_card":"summary_large_image","twitter_misc":{"Est. reading time":"1 minute"},"schema":{"@context":"https:\/\/schema.org","@graph":[{"@type":"WebPage","@id":"https:\/\/medstat.eu\/about-us\/","url":"https:\/\/medstat.eu\/about-us\/","name":"About Us - Medstat","isPartOf":{"@id":"https:\/\/medstat.eu\/en\/#website"},"datePublished":"2020-09-20T13:08:18+00:00","dateModified":"2020-10-09T08:03:17+00:00","breadcrumb":{"@id":"https:\/\/medstat.eu\/about-us\/#breadcrumb"},"inLanguage":"en-US","potentialAction":[{"@type":"ReadAction","target":["https:\/\/medstat.eu\/about-us\/"]}]},{"@type":"BreadcrumbList","@id":"https:\/\/medstat.eu\/about-us\/#breadcrumb","itemListElement":[{"@type":"ListItem","position":1,"name":"Home","item":"https:\/\/medstat.eu\/"},{"@type":"ListItem","position":2,"name":"About Us"}]},{"@type":"WebSite","@id":"https:\/\/medstat.eu\/en\/#website","url":"https:\/\/medstat.eu\/en\/","name":"Medstat","description":"BETTER INFORMATION BETTER RESULTS","potentialAction":[{"@type":"SearchAction","target":{"@type":"EntryPoint","urlTemplate":"https:\/\/medstat.eu\/en\/?s={search_term_string}"},"query-input":"required name=search_term_string"}],"inLanguage":"en-US"}]}},"_links":{"self":[{"href":"https:\/\/medstat.eu\/en\/wp-json\/wp\/v2\/pages\/81"}],"collection":[{"href":"https:\/\/medstat.eu\/en\/wp-json\/wp\/v2\/pages"}],"about":[{"href":"https:\/\/medstat.eu\/en\/wp-json\/wp\/v2\/types\/page"}],"author":[{"embeddable":true,"href":"https:\/\/medstat.eu\/en\/wp-json\/wp\/v2\/users\/1"}],"replies":[{"embeddable":true,"href":"https:\/\/medstat.eu\/en\/wp-json\/wp\/v2\/comments?post=81"}],"version-history":[{"count":2,"href":"https:\/\/medstat.eu\/en\/wp-json\/wp\/v2\/pages\/81\/revisions"}],"predecessor-version":[{"id":237,"href":"https:\/\/medstat.eu\/en\/wp-json\/wp\/v2\/pages\/81\/revisions\/237"}],"wp:featuredmedia":[{"embeddable":true,"href":"https:\/\/medstat.eu\/en\/wp-json\/wp\/v2\/media\/79"}],"wp:attachment":[{"href":"https:\/\/medstat.eu\/en\/wp-json\/wp\/v2\/media?parent=81"}],"curies":[{"name":"wp","href":"https:\/\/api.w.org\/{rel}","templated":true}]}}