{"id":108,"date":"2020-09-20T13:45:35","date_gmt":"2020-09-20T13:45:35","guid":{"rendered":"https:\/\/medstat.eu\/?page_id=108"},"modified":"2020-10-09T10:08:27","modified_gmt":"2020-10-09T10:08:27","slug":"visit-us","status":"publish","type":"page","link":"https:\/\/medstat.eu\/fr\/visit-us\/","title":{"rendered":"Visit Us"},"content":{"rendered":"<h2>BETTER INFORMATION. BETTER RESULTS.<\/h2>\n<p>Vous atteignez nos locaux avec les transports en commun de la gare principale de D\u00fcsseldorf avec la ligne U70, U74, U75, U76 ou U77. Descendez \u00e0 l\u2019arr\u00eat \u00ab Luegplatz \u00bb ; En passant par la rue \u00ab Kaiser-Wilheln-Ring \u00bb et apr\u00e8s environ 5 minutes \u00e0 pieds, vous serez arriv\u00e9s \u00e0 nos bureaux n\u00b0 41.<\/p>\n<h3>EN VOITURE<\/h3>\n<p><b>En venant de Moenchengladbach\/Krefeld:\u00a0<\/b>Prenez l\u2019autoroute A52 (direction \u00abD\u00fcsseldorf\u00bb) jusqu\u2019au croisement Kaarst. Prenez la sortie \u00abD\u00fcsseldorf-Oberkassel\u00bb. Suivez la route principale. Tournez \u00e0 droite dans la derni\u00e8re rue avant le pont \u00abOberkasseler Br\u00fccke\u00bb.  Vous \u00eates dans la rue \u00ab Kaiser-Wilhelm-Ring \u00bb.<\/p>\n<p><b>En venant de Essen:\u00a0<\/b>Prenez l\u2019autoroute A52 jusqu\u2019au croisement Breitscheid. Changez d\u2019autoroute : Prenez l\u2019A3. Une fois arriv\u00e9 au croisement Hilden, changez sur l\u2019A46. Prenez la sortie D\u00fcsseldorf-Bilk et tournez \u00e0 la fin de l\u2019autoroute \u00e0 gauche sur le p\u00e9riph\u00e9rique sud. Apr\u00e8s 2 km, prenez \u00e0 droite (Direction \u00ab Messe \/Zentrum \u00bb).  Dans le tunnel, suivre \u00ab Oberkassel \u00bb jusqu\u2019au pont \u00ab Rheinkniebr\u00fccke \u00bb. Prenez \u00e0 droite avant le pont, et restez sur la file de droite. Vous \u00eates dans la rue \u00ab Kaiser-Wilhelm-Ring \u00bb.<\/p>\n<p><b>En venant de Frankfurt\/Oberhausen:\u00a0<\/b>Prenez l\u2019autoroute A3 jusqu\u2019au croisement Hilden, puis changez sur l\u2019A46. Prenez la sortie \u00ab D\u00fcsseldorf-Bild \u00bb, tournez \u00e0 la fin de l\u2019autoroute \u00e0 gauche sur le p\u00e9riph\u00e9rique sud. Apr\u00e8s 2 km, prenez \u00e0 droite (Direction \u00ab Messe \/Zentrum \u00bb).  Dans le tunnel, suivre \u00ab Oberkassel \u00bb jusqu\u2019au pont \u00ab Rheinkniebr\u00fccke \u00bb. Prenez \u00e0 droite avant le pont, et restez sur la file de droite. Vous \u00eates dans la rue \u00ab Kaiser-Wilhelm-Ring \u00bb.<\/p>","protected":false},"excerpt":{"rendered":"<p>BETTER INFORMATION. BETTER RESULTS. Sie erreichen uns mit \u00d6ffentlichen Verkehrsmitteln vom D\u00fcsseldorfer Hauptbahnhof mit der U74, U76 und U 77 [&hellip;]<\/p>","protected":false},"author":1,"featured_media":109,"parent":0,"menu_order":0,"comment_status":"closed","ping_status":"closed","template":"visit-us.php","meta":[],"acf":[],"yoast_head":"<!-- This site is optimized with the Yoast SEO plugin v19.13 - https:\/\/yoast.com\/wordpress\/plugins\/seo\/ -->\n<title>Visit Us - Medstat<\/title>\n<meta name=\"robots\" content=\"index, follow, max-snippet:-1, max-image-preview:large, max-video-preview:-1\" \/>\n<link rel=\"canonical\" href=\"https:\/\/medstat.eu\/fr\/visit-us\/\" \/>\n<meta property=\"og:locale\" content=\"fr_FR\" \/>\n<meta property=\"og:type\" content=\"article\" \/>\n<meta property=\"og:title\" content=\"Visit Us - Medstat\" \/>\n<meta property=\"og:description\" content=\"BETTER INFORMATION. BETTER RESULTS. Sie erreichen uns mit \u00d6ffentlichen Verkehrsmitteln vom D\u00fcsseldorfer Hauptbahnhof mit der U74, U76 und U 77 [&hellip;]\" \/>\n<meta property=\"og:url\" content=\"https:\/\/medstat.eu\/fr\/visit-us\/\" \/>\n<meta property=\"og:site_name\" content=\"Medstat\" \/>\n<meta property=\"article:modified_time\" content=\"2020-10-09T10:08:27+00:00\" \/>\n<meta property=\"og:image\" content=\"https:\/\/medstat.eu\/wp-content\/uploads\/2020\/09\/ANREISE_NEU.jpg\" \/>\n\t<meta property=\"og:image:width\" content=\"728\" \/>\n\t<meta property=\"og:image:height\" content=\"546\" \/>\n\t<meta property=\"og:image:type\" content=\"image\/jpeg\" \/>\n<meta name=\"twitter:card\" content=\"summary_large_image\" \/>\n<meta name=\"twitter:label1\" content=\"Dur\u00e9e de lecture estim\u00e9e\" \/>\n\t<meta name=\"twitter:data1\" content=\"1 minute\" \/>\n<script type=\"application\/ld+json\" class=\"yoast-schema-graph\">{\"@context\":\"https:\/\/schema.org\",\"@graph\":[{\"@type\":\"WebPage\",\"@id\":\"https:\/\/medstat.eu\/visit-us\/\",\"url\":\"https:\/\/medstat.eu\/visit-us\/\",\"name\":\"Visit Us - Medstat\",\"isPartOf\":{\"@id\":\"https:\/\/medstat.eu\/en\/#website\"},\"datePublished\":\"2020-09-20T13:45:35+00:00\",\"dateModified\":\"2020-10-09T10:08:27+00:00\",\"breadcrumb\":{\"@id\":\"https:\/\/medstat.eu\/visit-us\/#breadcrumb\"},\"inLanguage\":\"fr-FR\",\"potentialAction\":[{\"@type\":\"ReadAction\",\"target\":[\"https:\/\/medstat.eu\/visit-us\/\"]}]},{\"@type\":\"BreadcrumbList\",\"@id\":\"https:\/\/medstat.eu\/visit-us\/#breadcrumb\",\"itemListElement\":[{\"@type\":\"ListItem\",\"position\":1,\"name\":\"Home\",\"item\":\"https:\/\/medstat.eu\/\"},{\"@type\":\"ListItem\",\"position\":2,\"name\":\"Visit Us\"}]},{\"@type\":\"WebSite\",\"@id\":\"https:\/\/medstat.eu\/en\/#website\",\"url\":\"https:\/\/medstat.eu\/en\/\",\"name\":\"Medstat\",\"description\":\"BETTER INFORMATION BETTER RESULTS\",\"potentialAction\":[{\"@type\":\"SearchAction\",\"target\":{\"@type\":\"EntryPoint\",\"urlTemplate\":\"https:\/\/medstat.eu\/en\/?s={search_term_string}\"},\"query-input\":\"required name=search_term_string\"}],\"inLanguage\":\"fr-FR\"}]}<\/script>\n<!-- \/ Yoast SEO plugin. -->","yoast_head_json":{"title":"Visit Us - Medstat","robots":{"index":"index","follow":"follow","max-snippet":"max-snippet:-1","max-image-preview":"max-image-preview:large","max-video-preview":"max-video-preview:-1"},"canonical":"https:\/\/medstat.eu\/fr\/visit-us\/","og_locale":"fr_FR","og_type":"article","og_title":"Visit Us - Medstat","og_description":"BETTER INFORMATION. BETTER RESULTS. Sie erreichen uns mit \u00d6ffentlichen Verkehrsmitteln vom D\u00fcsseldorfer Hauptbahnhof mit der U74, U76 und U 77 [&hellip;]","og_url":"https:\/\/medstat.eu\/fr\/visit-us\/","og_site_name":"Medstat","article_modified_time":"2020-10-09T10:08:27+00:00","og_image":[{"width":728,"height":546,"url":"https:\/\/medstat.eu\/wp-content\/uploads\/2020\/09\/ANREISE_NEU.jpg","type":"image\/jpeg"}],"twitter_card":"summary_large_image","twitter_misc":{"Dur\u00e9e de lecture estim\u00e9e":"1 minute"},"schema":{"@context":"https:\/\/schema.org","@graph":[{"@type":"WebPage","@id":"https:\/\/medstat.eu\/visit-us\/","url":"https:\/\/medstat.eu\/visit-us\/","name":"Visit Us - Medstat","isPartOf":{"@id":"https:\/\/medstat.eu\/en\/#website"},"datePublished":"2020-09-20T13:45:35+00:00","dateModified":"2020-10-09T10:08:27+00:00","breadcrumb":{"@id":"https:\/\/medstat.eu\/visit-us\/#breadcrumb"},"inLanguage":"fr-FR","potentialAction":[{"@type":"ReadAction","target":["https:\/\/medstat.eu\/visit-us\/"]}]},{"@type":"BreadcrumbList","@id":"https:\/\/medstat.eu\/visit-us\/#breadcrumb","itemListElement":[{"@type":"ListItem","position":1,"name":"Home","item":"https:\/\/medstat.eu\/"},{"@type":"ListItem","position":2,"name":"Visit Us"}]},{"@type":"WebSite","@id":"https:\/\/medstat.eu\/en\/#website","url":"https:\/\/medstat.eu\/en\/","name":"Medstat","description":"BETTER INFORMATION BETTER RESULTS","potentialAction":[{"@type":"SearchAction","target":{"@type":"EntryPoint","urlTemplate":"https:\/\/medstat.eu\/en\/?s={search_term_string}"},"query-input":"required name=search_term_string"}],"inLanguage":"fr-FR"}]}},"_links":{"self":[{"href":"https:\/\/medstat.eu\/fr\/wp-json\/wp\/v2\/pages\/108"}],"collection":[{"href":"https:\/\/medstat.eu\/fr\/wp-json\/wp\/v2\/pages"}],"about":[{"href":"https:\/\/medstat.eu\/fr\/wp-json\/wp\/v2\/types\/page"}],"author":[{"embeddable":true,"href":"https:\/\/medstat.eu\/fr\/wp-json\/wp\/v2\/users\/1"}],"replies":[{"embeddable":true,"href":"https:\/\/medstat.eu\/fr\/wp-json\/wp\/v2\/comments?post=108"}],"version-history":[{"count":4,"href":"https:\/\/medstat.eu\/fr\/wp-json\/wp\/v2\/pages\/108\/revisions"}],"predecessor-version":[{"id":249,"href":"https:\/\/medstat.eu\/fr\/wp-json\/wp\/v2\/pages\/108\/revisions\/249"}],"wp:featuredmedia":[{"embeddable":true,"href":"https:\/\/medstat.eu\/fr\/wp-json\/wp\/v2\/media\/109"}],"wp:attachment":[{"href":"https:\/\/medstat.eu\/fr\/wp-json\/wp\/v2\/media?parent=108"}],"curies":[{"name":"wp","href":"https:\/\/api.w.org\/{rel}","templated":true}]}}