{"id":111,"date":"2020-09-20T13:49:44","date_gmt":"2020-09-20T13:49:44","guid":{"rendered":"https:\/\/medstat.eu\/?page_id=111"},"modified":"2024-08-13T11:46:42","modified_gmt":"2024-08-13T11:46:42","slug":"imprint","status":"publish","type":"page","link":"https:\/\/medstat.eu\/fr\/imprint\/","title":{"rendered":"Imprint"},"content":{"rendered":"<p>Informations fournies conform\u00e9ment au \u00a7 5 de la TMG (loi allemande sur les t\u00e9l\u00e9m\u00e9dias)<\/p>\n<p><b>MED<\/b><b>STAT<\/b>\u00a0S.A. Luxembourg<br \/>\nNiederlassung Deutschland<br \/>\nK\u00f6nigsallee 14<br \/>\nD \u2013 40212 D\u00fcsseldorf<\/p>\n<p><b>Repr\u00e9sent\u00e9e par :<\/b><br \/>\nMonsieur Franz-Josef Fischer, directeur de succursale<\/p>\n<p><b>Contact:<\/b><br \/>\nTel.: +49 211 13866 &#8211; 610<br \/>\nFax: +49 211 13866 &#8211; 611<br \/>\nEmail: info[at]medstat.eu<br \/>\nWebsite:\u00a0www.medstat.eu<\/p>\n<p><b>Inscription au registre du commerce:<\/b><br \/>\nSEO Agentur LOKALIKS<\/p>\n<p><b>N\u00b0 de TVA :<\/b><br \/>\nNum\u00e9ro de TVA conform\u00e9ment au \u00a7 27a de la loi allemande relative \u00e0 la taxe sur le chiffre d'affaires :<br \/>\nDE-3024 94 739<\/p>\n<p><b>Umsatzsteuer-ID:<\/b><br \/>\nUmsatzsteuer-Identifikationsnummer gem\u00e4\u00df \u00a7 27 a Umsatzsteuergesetz: DE-3024 94 739<\/p>\n<p><b>EXCLUSION DE RESPONSABILIT\u00c9 :<\/b><\/p>\n<p><b>Responsabilit\u00e9 pour les contenus<\/b><br \/>\nLes contenus de nos pages ont \u00e9t\u00e9 r\u00e9dig\u00e9s avec le plus grand soin. Nous ne pouvons toutefois pas \u00eatre tenus pour responsables de l'exactitude, l'int\u00e9gralit\u00e9 et l'actualit\u00e9 de ces contenus. Conform\u00e9ment au \u00a7 7 alin\u00e9a 1 TMG (loi allemande sur les t\u00e9l\u00e9m\u00e9dias), nous sommes, en tant que prestataire de services, responsables des contenus de ces pages au sens des lois g\u00e9n\u00e9rales. Selon les \u00a7\u00a7 8 \u00e0 10 TMG (loi allemande sur les t\u00e9l\u00e9m\u00e9dias), nous ne sommes toutefois pas, en tant que prestataire de services, dans l'obligation de surveiller les informations de tiers transmises ou enregistr\u00e9es, ni de rechercher des circonstances indiquant une activit\u00e9 illicite. Nos obligations de suppression ou d'interdiction d'utilisation de ces informations au sens des lois g\u00e9n\u00e9rales ne sont cependant nullement affect\u00e9es. Une responsabilit\u00e9 \u00e0 ce sujet est toutefois uniquement possible \u00e0 partir du moment o\u00f9 nous avons connaissance d'une violation concr\u00e8te de la loi. Si de telles violations de la loi sont port\u00e9es \u00e0 notre connaissance, les contenus concern\u00e9s seront imm\u00e9diatement supprim\u00e9s.<\/p>\n<p><b>Responsabilit\u00e9 pour les liens<br \/>\n<\/b>Notre offre contient des liens vers des sites Web externes de tiers sur les contenus desquels nous n'avons aucune influence. Pour cette raison, nous ne pouvons nullement \u00eatre tenus pour responsables des contenus de ces tiers.  Seul l'exploitant ou le fournisseur de ces sites est responsable des contenus des sites r\u00e9f\u00e9renc\u00e9s par des liens. Les sites r\u00e9f\u00e9renc\u00e9s par les liens ont \u00e9t\u00e9 contr\u00f4l\u00e9s au moment de la mise en place du lien afin d'exclure d'\u00e9ventuelles violations de la loi. Aucun contenu illicite n'a \u00e9t\u00e9 constat\u00e9 au moment de la mise en place du lien. Un contr\u00f4le permanent du contenu des sites r\u00e9f\u00e9renc\u00e9s par des liens n'est toutefois pas raisonnable sans indication concr\u00e8te laissant supposer une violation de la loi. Si de telles violations de la loi sont port\u00e9es \u00e0 notre connaissance, les liens concern\u00e9s seront imm\u00e9diatement supprim\u00e9s.<\/p>\n<p><b>Droit d'auteur<br \/>\n<\/b>Les contenus et ouvrages r\u00e9dig\u00e9s par les exploitants de ces pages sont soumis au droit d'auteur allemand. La reproduction, l'\u00e9dition, la distribution et tout autre type d'utilisation allant au-del\u00e0 des limites des droits d'auteur n\u00e9cessitent obligatoirement l'accord \u00e9crit pr\u00e9alable de l'auteur ou du r\u00e9dacteur concern\u00e9. Les t\u00e9l\u00e9chargements et copies de ce site sont uniquement autoris\u00e9s \u00e0 des fins priv\u00e9es et non commerciales. Dans la mesure o\u00f9 les contenus de ces pages n'auraient pas \u00e9t\u00e9 r\u00e9dig\u00e9s par l'exploitant, les droits d'auteur de tiers sont pris en consid\u00e9ration. Par ailleurs, les contenus de tiers sont renseign\u00e9s comme tels. Si vous constatez malgr\u00e9 tout une violation des droits d'auteur, nous vous prions de nous en informer. Si de telles violations de la loi sont port\u00e9es \u00e0 notre connaissance, les contenus concern\u00e9s seront imm\u00e9diatement supprim\u00e9s.<\/p>\n<p><b>Protection des donn\u00e9es<br \/>\n<\/b>L'utilisation de notre site Web est en r\u00e8gle g\u00e9n\u00e9rale possible sans devoir fournir aucune donn\u00e9e personnelle. Si des donn\u00e9es personnelles (par exemple le nom, l'adresse ou l'adresse e-mail) sont toutefois pr\u00e9lev\u00e9es sur nos sites, ceci n'est cependant, dans la mesure du possible, jamais obligatoire. Ces donn\u00e9es ne sont transmises \u00e0 un tiers qu'avec votre accord explicite.<br \/>\nNous attirons votre attention sur le fait que le transfert de donn\u00e9es sur Internet (par ex. dans le cadre de la communication via e-mails) peut pr\u00e9senter des lacunes en mati\u00e8re de s\u00e9curit\u00e9. Une protection sans faille des donn\u00e9es contre l'acc\u00e8s par des tiers est impossible.<br \/>\nL'utilisation par des tiers des donn\u00e9es de contact publi\u00e9es dans le cadre de l'obligation de mention l\u00e9gale en vue de l'envoi de documents publicitaires et d'informations n'ayant pas \u00e9t\u00e9 explicitement demand\u00e9s est explicitement interdite. Les exploitants des sites se r\u00e9servent explicitement le droit d'entreprendre des d\u00e9marches l\u00e9gales en cas d'envoi d'informations publicitaires non demand\u00e9es, par exemple via des spams.<\/p>\n<p>Les mentions l\u00e9gales du site Web ont \u00e9t\u00e9 r\u00e9dig\u00e9es par <a class=\"external-link-new-window\" title=\"Opens website from impressum-generator.de\" href=\"http:\/\/impressum-generator.de\/\" target=\"_blank\" rel=\"noopener noreferrer\">impressum-generator.de<\/a> du cabinet Hasselbach, <a class=\"external-link-new-window\" title=\"Opens website from Kanzlei Hasselbach\" href=\"https:\/\/www.kanzlei-hasselbach.de\/\" target=\"_blank\" rel=\"noopener noreferrer\">www.kanzlei-hasselbach.de\u00a0<\/a><\/p>","protected":false},"excerpt":{"rendered":"<p>Angaben gem\u00e4\u00df \u00a7 5 TMG MEDSTAT\u00a0S.A. Luxembourg Niederlassung Deutschland K\u00f6nigsallee 14 D \u2013 40212 D\u00fcsseldorf Vertreten durch: Herrn Franz-Josef Fischer, [&hellip;]<\/p>","protected":false},"author":1,"featured_media":87,"parent":0,"menu_order":0,"comment_status":"closed","ping_status":"closed","template":"imprint.php","meta":[],"acf":[],"yoast_head":"<!-- This site is optimized with the Yoast SEO plugin v19.13 - https:\/\/yoast.com\/wordpress\/plugins\/seo\/ -->\n<title>Imprint - Medstat<\/title>\n<meta name=\"robots\" content=\"index, follow, max-snippet:-1, max-image-preview:large, max-video-preview:-1\" \/>\n<link rel=\"canonical\" href=\"https:\/\/medstat.eu\/fr\/imprint\/\" \/>\n<meta property=\"og:locale\" content=\"fr_FR\" \/>\n<meta property=\"og:type\" content=\"article\" \/>\n<meta property=\"og:title\" content=\"Imprint - Medstat\" \/>\n<meta property=\"og:description\" content=\"Angaben gem\u00e4\u00df \u00a7 5 TMG MEDSTAT\u00a0S.A. Luxembourg Niederlassung Deutschland K\u00f6nigsallee 14 D \u2013 40212 D\u00fcsseldorf Vertreten durch: Herrn Franz-Josef Fischer, [&hellip;]\" \/>\n<meta property=\"og:url\" content=\"https:\/\/medstat.eu\/fr\/imprint\/\" \/>\n<meta property=\"og:site_name\" content=\"Medstat\" \/>\n<meta property=\"article:modified_time\" content=\"2024-08-13T11:46:42+00:00\" \/>\n<meta property=\"og:image\" content=\"https:\/\/medstat.eu\/wp-content\/uploads\/2020\/09\/KONTAKT_NEU.jpg\" \/>\n\t<meta property=\"og:image:width\" content=\"1282\" \/>\n\t<meta property=\"og:image:height\" content=\"784\" \/>\n\t<meta property=\"og:image:type\" content=\"image\/jpeg\" \/>\n<meta name=\"twitter:card\" content=\"summary_large_image\" \/>\n<meta name=\"twitter:label1\" content=\"Dur\u00e9e de lecture estim\u00e9e\" \/>\n\t<meta name=\"twitter:data1\" content=\"3 minutes\" \/>\n<script type=\"application\/ld+json\" class=\"yoast-schema-graph\">{\"@context\":\"https:\/\/schema.org\",\"@graph\":[{\"@type\":\"WebPage\",\"@id\":\"https:\/\/medstat.eu\/imprint\/\",\"url\":\"https:\/\/medstat.eu\/imprint\/\",\"name\":\"Imprint - Medstat\",\"isPartOf\":{\"@id\":\"https:\/\/medstat.eu\/en\/#website\"},\"datePublished\":\"2020-09-20T13:49:44+00:00\",\"dateModified\":\"2024-08-13T11:46:42+00:00\",\"breadcrumb\":{\"@id\":\"https:\/\/medstat.eu\/imprint\/#breadcrumb\"},\"inLanguage\":\"fr-FR\",\"potentialAction\":[{\"@type\":\"ReadAction\",\"target\":[\"https:\/\/medstat.eu\/imprint\/\"]}]},{\"@type\":\"BreadcrumbList\",\"@id\":\"https:\/\/medstat.eu\/imprint\/#breadcrumb\",\"itemListElement\":[{\"@type\":\"ListItem\",\"position\":1,\"name\":\"Home\",\"item\":\"https:\/\/medstat.eu\/\"},{\"@type\":\"ListItem\",\"position\":2,\"name\":\"Imprint\"}]},{\"@type\":\"WebSite\",\"@id\":\"https:\/\/medstat.eu\/en\/#website\",\"url\":\"https:\/\/medstat.eu\/en\/\",\"name\":\"Medstat\",\"description\":\"BETTER INFORMATION BETTER RESULTS\",\"potentialAction\":[{\"@type\":\"SearchAction\",\"target\":{\"@type\":\"EntryPoint\",\"urlTemplate\":\"https:\/\/medstat.eu\/en\/?s={search_term_string}\"},\"query-input\":\"required name=search_term_string\"}],\"inLanguage\":\"fr-FR\"}]}<\/script>\n<!-- \/ Yoast SEO plugin. -->","yoast_head_json":{"title":"Imprint - Medstat","robots":{"index":"index","follow":"follow","max-snippet":"max-snippet:-1","max-image-preview":"max-image-preview:large","max-video-preview":"max-video-preview:-1"},"canonical":"https:\/\/medstat.eu\/fr\/imprint\/","og_locale":"fr_FR","og_type":"article","og_title":"Imprint - Medstat","og_description":"Angaben gem\u00e4\u00df \u00a7 5 TMG MEDSTAT\u00a0S.A. Luxembourg Niederlassung Deutschland K\u00f6nigsallee 14 D \u2013 40212 D\u00fcsseldorf Vertreten durch: Herrn Franz-Josef Fischer, [&hellip;]","og_url":"https:\/\/medstat.eu\/fr\/imprint\/","og_site_name":"Medstat","article_modified_time":"2024-08-13T11:46:42+00:00","og_image":[{"width":1282,"height":784,"url":"https:\/\/medstat.eu\/wp-content\/uploads\/2020\/09\/KONTAKT_NEU.jpg","type":"image\/jpeg"}],"twitter_card":"summary_large_image","twitter_misc":{"Dur\u00e9e de lecture estim\u00e9e":"3 minutes"},"schema":{"@context":"https:\/\/schema.org","@graph":[{"@type":"WebPage","@id":"https:\/\/medstat.eu\/imprint\/","url":"https:\/\/medstat.eu\/imprint\/","name":"Imprint - Medstat","isPartOf":{"@id":"https:\/\/medstat.eu\/en\/#website"},"datePublished":"2020-09-20T13:49:44+00:00","dateModified":"2024-08-13T11:46:42+00:00","breadcrumb":{"@id":"https:\/\/medstat.eu\/imprint\/#breadcrumb"},"inLanguage":"fr-FR","potentialAction":[{"@type":"ReadAction","target":["https:\/\/medstat.eu\/imprint\/"]}]},{"@type":"BreadcrumbList","@id":"https:\/\/medstat.eu\/imprint\/#breadcrumb","itemListElement":[{"@type":"ListItem","position":1,"name":"Home","item":"https:\/\/medstat.eu\/"},{"@type":"ListItem","position":2,"name":"Imprint"}]},{"@type":"WebSite","@id":"https:\/\/medstat.eu\/en\/#website","url":"https:\/\/medstat.eu\/en\/","name":"Medstat","description":"BETTER INFORMATION BETTER RESULTS","potentialAction":[{"@type":"SearchAction","target":{"@type":"EntryPoint","urlTemplate":"https:\/\/medstat.eu\/en\/?s={search_term_string}"},"query-input":"required name=search_term_string"}],"inLanguage":"fr-FR"}]}},"_links":{"self":[{"href":"https:\/\/medstat.eu\/fr\/wp-json\/wp\/v2\/pages\/111"}],"collection":[{"href":"https:\/\/medstat.eu\/fr\/wp-json\/wp\/v2\/pages"}],"about":[{"href":"https:\/\/medstat.eu\/fr\/wp-json\/wp\/v2\/types\/page"}],"author":[{"embeddable":true,"href":"https:\/\/medstat.eu\/fr\/wp-json\/wp\/v2\/users\/1"}],"replies":[{"embeddable":true,"href":"https:\/\/medstat.eu\/fr\/wp-json\/wp\/v2\/comments?post=111"}],"version-history":[{"count":11,"href":"https:\/\/medstat.eu\/fr\/wp-json\/wp\/v2\/pages\/111\/revisions"}],"predecessor-version":[{"id":413,"href":"https:\/\/medstat.eu\/fr\/wp-json\/wp\/v2\/pages\/111\/revisions\/413"}],"wp:featuredmedia":[{"embeddable":true,"href":"https:\/\/medstat.eu\/fr\/wp-json\/wp\/v2\/media\/87"}],"wp:attachment":[{"href":"https:\/\/medstat.eu\/fr\/wp-json\/wp\/v2\/media?parent=111"}],"curies":[{"name":"wp","href":"https:\/\/api.w.org\/{rel}","templated":true}]}}