{"id":136,"date":"2020-09-20T17:56:12","date_gmt":"2020-09-20T17:56:12","guid":{"rendered":"https:\/\/medstat.eu\/?page_id=136"},"modified":"2020-10-11T18:17:04","modified_gmt":"2020-10-11T18:17:04","slug":"service","status":"publish","type":"page","link":"https:\/\/medstat.eu\/fr\/service\/","title":{"rendered":"Services"},"content":{"rendered":"<h1>BETTER INFORMATION. BETTER RESULTS.<\/h1>\n<p>La qualit\u00e9 des soins de sant\u00e9 repr\u00e9sente un d\u00e9fi particulier tout autant pour les patients et les prestataires de soins que pour le public. \u00c0 une \u00e9poque o\u00f9 les moyens financiers sont limit\u00e9s, une utilisation accrue des ressources ne signifie pas n\u00e9cessairement une meilleure qualit\u00e9 du spectre des prestations. D'un autre c\u00f4t\u00e9, une meilleure qualit\u00e9 ne se justifie au niveau de la politique de remboursement de frais que si des mesures pertinentes, avec un ajustement maximal aux risques li\u00e9s \u00e0 la patient\u00e8le, permettent de r\u00e9ellement comparer les alternatives et les stades d'\u00e9volution historiques.<\/p>\n<p><i>Ce n'est que lorsque la qualit\u00e9 est mesurable et quantifiable qu'elle peut \u00eatre am\u00e9lior\u00e9e.<\/i><\/p>","protected":false},"excerpt":{"rendered":"<p>BETTER INFORMATION. BETTER RESULTS. Die Qualit\u00e4t der Gesundheitsversorgung ist sowohl f\u00fcr Patienten wie auch f\u00fcr die Leistungserbringer, aber auch f\u00fcr [&hellip;]<\/p>","protected":false},"author":1,"featured_media":204,"parent":0,"menu_order":0,"comment_status":"closed","ping_status":"closed","template":"services.php","meta":[],"acf":[],"yoast_head":"<!-- This site is optimized with the Yoast SEO plugin v19.13 - https:\/\/yoast.com\/wordpress\/plugins\/seo\/ -->\n<title>Services - Medstat<\/title>\n<meta name=\"robots\" content=\"index, follow, max-snippet:-1, max-image-preview:large, max-video-preview:-1\" \/>\n<link rel=\"canonical\" href=\"https:\/\/medstat.eu\/fr\/service\/\" \/>\n<meta property=\"og:locale\" content=\"fr_FR\" \/>\n<meta property=\"og:type\" content=\"article\" \/>\n<meta property=\"og:title\" content=\"Services - Medstat\" \/>\n<meta property=\"og:description\" content=\"BETTER INFORMATION. BETTER RESULTS. Die Qualit\u00e4t der Gesundheitsversorgung ist sowohl f\u00fcr Patienten wie auch f\u00fcr die Leistungserbringer, aber auch f\u00fcr [&hellip;]\" \/>\n<meta property=\"og:url\" content=\"https:\/\/medstat.eu\/fr\/service\/\" \/>\n<meta property=\"og:site_name\" content=\"Medstat\" \/>\n<meta property=\"article:modified_time\" content=\"2020-10-11T18:17:04+00:00\" \/>\n<meta property=\"og:image\" content=\"https:\/\/medstat.eu\/wp-content\/uploads\/2020\/09\/LEISTUNGEN_NEU.jpg\" \/>\n\t<meta property=\"og:image:width\" content=\"1282\" \/>\n\t<meta property=\"og:image:height\" content=\"855\" \/>\n\t<meta property=\"og:image:type\" content=\"image\/jpeg\" \/>\n<meta name=\"twitter:card\" content=\"summary_large_image\" \/>\n<script type=\"application\/ld+json\" class=\"yoast-schema-graph\">{\"@context\":\"https:\/\/schema.org\",\"@graph\":[{\"@type\":\"WebPage\",\"@id\":\"https:\/\/medstat.eu\/service\/\",\"url\":\"https:\/\/medstat.eu\/service\/\",\"name\":\"Services - Medstat\",\"isPartOf\":{\"@id\":\"https:\/\/medstat.eu\/en\/#website\"},\"datePublished\":\"2020-09-20T17:56:12+00:00\",\"dateModified\":\"2020-10-11T18:17:04+00:00\",\"breadcrumb\":{\"@id\":\"https:\/\/medstat.eu\/service\/#breadcrumb\"},\"inLanguage\":\"fr-FR\",\"potentialAction\":[{\"@type\":\"ReadAction\",\"target\":[\"https:\/\/medstat.eu\/service\/\"]}]},{\"@type\":\"BreadcrumbList\",\"@id\":\"https:\/\/medstat.eu\/service\/#breadcrumb\",\"itemListElement\":[{\"@type\":\"ListItem\",\"position\":1,\"name\":\"Home\",\"item\":\"https:\/\/medstat.eu\/\"},{\"@type\":\"ListItem\",\"position\":2,\"name\":\"Services\"}]},{\"@type\":\"WebSite\",\"@id\":\"https:\/\/medstat.eu\/en\/#website\",\"url\":\"https:\/\/medstat.eu\/en\/\",\"name\":\"Medstat\",\"description\":\"BETTER INFORMATION BETTER RESULTS\",\"potentialAction\":[{\"@type\":\"SearchAction\",\"target\":{\"@type\":\"EntryPoint\",\"urlTemplate\":\"https:\/\/medstat.eu\/en\/?s={search_term_string}\"},\"query-input\":\"required name=search_term_string\"}],\"inLanguage\":\"fr-FR\"}]}<\/script>\n<!-- \/ Yoast SEO plugin. -->","yoast_head_json":{"title":"Services - Medstat","robots":{"index":"index","follow":"follow","max-snippet":"max-snippet:-1","max-image-preview":"max-image-preview:large","max-video-preview":"max-video-preview:-1"},"canonical":"https:\/\/medstat.eu\/fr\/service\/","og_locale":"fr_FR","og_type":"article","og_title":"Services - Medstat","og_description":"BETTER INFORMATION. BETTER RESULTS. Die Qualit\u00e4t der Gesundheitsversorgung ist sowohl f\u00fcr Patienten wie auch f\u00fcr die Leistungserbringer, aber auch f\u00fcr [&hellip;]","og_url":"https:\/\/medstat.eu\/fr\/service\/","og_site_name":"Medstat","article_modified_time":"2020-10-11T18:17:04+00:00","og_image":[{"width":1282,"height":855,"url":"https:\/\/medstat.eu\/wp-content\/uploads\/2020\/09\/LEISTUNGEN_NEU.jpg","type":"image\/jpeg"}],"twitter_card":"summary_large_image","schema":{"@context":"https:\/\/schema.org","@graph":[{"@type":"WebPage","@id":"https:\/\/medstat.eu\/service\/","url":"https:\/\/medstat.eu\/service\/","name":"Services - Medstat","isPartOf":{"@id":"https:\/\/medstat.eu\/en\/#website"},"datePublished":"2020-09-20T17:56:12+00:00","dateModified":"2020-10-11T18:17:04+00:00","breadcrumb":{"@id":"https:\/\/medstat.eu\/service\/#breadcrumb"},"inLanguage":"fr-FR","potentialAction":[{"@type":"ReadAction","target":["https:\/\/medstat.eu\/service\/"]}]},{"@type":"BreadcrumbList","@id":"https:\/\/medstat.eu\/service\/#breadcrumb","itemListElement":[{"@type":"ListItem","position":1,"name":"Home","item":"https:\/\/medstat.eu\/"},{"@type":"ListItem","position":2,"name":"Services"}]},{"@type":"WebSite","@id":"https:\/\/medstat.eu\/en\/#website","url":"https:\/\/medstat.eu\/en\/","name":"Medstat","description":"BETTER INFORMATION BETTER RESULTS","potentialAction":[{"@type":"SearchAction","target":{"@type":"EntryPoint","urlTemplate":"https:\/\/medstat.eu\/en\/?s={search_term_string}"},"query-input":"required name=search_term_string"}],"inLanguage":"fr-FR"}]}},"_links":{"self":[{"href":"https:\/\/medstat.eu\/fr\/wp-json\/wp\/v2\/pages\/136"}],"collection":[{"href":"https:\/\/medstat.eu\/fr\/wp-json\/wp\/v2\/pages"}],"about":[{"href":"https:\/\/medstat.eu\/fr\/wp-json\/wp\/v2\/types\/page"}],"author":[{"embeddable":true,"href":"https:\/\/medstat.eu\/fr\/wp-json\/wp\/v2\/users\/1"}],"replies":[{"embeddable":true,"href":"https:\/\/medstat.eu\/fr\/wp-json\/wp\/v2\/comments?post=136"}],"version-history":[{"count":10,"href":"https:\/\/medstat.eu\/fr\/wp-json\/wp\/v2\/pages\/136\/revisions"}],"predecessor-version":[{"id":268,"href":"https:\/\/medstat.eu\/fr\/wp-json\/wp\/v2\/pages\/136\/revisions\/268"}],"wp:featuredmedia":[{"embeddable":true,"href":"https:\/\/medstat.eu\/fr\/wp-json\/wp\/v2\/media\/204"}],"wp:attachment":[{"href":"https:\/\/medstat.eu\/fr\/wp-json\/wp\/v2\/media?parent=136"}],"curies":[{"name":"wp","href":"https:\/\/api.w.org\/{rel}","templated":true}]}}