{"id":293,"date":"2020-10-22T14:10:06","date_gmt":"2020-10-22T14:10:06","guid":{"rendered":"https:\/\/medstat.eu\/?page_id=293"},"modified":"2021-05-21T08:38:05","modified_gmt":"2021-05-21T08:38:05","slug":"laborberatung","status":"publish","type":"page","link":"https:\/\/medstat.eu\/fr\/laborberatung\/","title":{"rendered":"Laborberatung"},"content":{"rendered":"<h1>Laborberatung durch erfahrene Laborberater: Vorgehen im Bereich Optimierung Diagnostik<\/h1>\n<h3><strong>Schwerpunkt: Labordiagnostik und bildgebende Verfahren<\/strong><\/h3>\n<h2>Unser Ansatz bei der Laborberatung<\/h2>\n<p>Durch langj\u00e4hrige internationale Erfahrung im Bereich der Labormedizin und bildgebender Verfahren (&gt; 100 nationale und internationale Projekte in den vergangenen 5 Jahren) k\u00f6nnen wir unsere Kunden bei der L\u00f6sung komplexer Fragestellungen im Zusammenhang mit Kosten- und Leistungstransparenz durch kompetente Fachleute und eine ausgewiesene Expertise im Bereich der Evidence-Based-Medicine (EbM) nachhaltig durch unsere Laborberatung unterst\u00fctzen.<\/p>\n<p>Der <strong>Ausgangspunkt<\/strong> f\u00fcr die Optimierung des Ressourceneinsatzes ist dabei die <strong>risikoadjustierte pr\u00e4diktive Fallschwere des Patienten <\/strong>und eine an <strong>aktuellen Evidenzstandards<\/strong> ausgerichtete Differentialdiagnostik, die auf \u00fcberschaubaren, aber fach\u00e4rztlich konsentierten und hochqualitativen sowie indikationsgeleiteten Basisprofilen aufsetzt.<\/p>\n<h2><strong>Zielsetzung <\/strong><strong>unserer Laborberatung durch Laborberater<\/strong><\/h2>\n<p>Abgleich der Eingangs- und behandlungsbegleitenden Diagnostik (Labor, BGA, Bildgebung) mit externem Benchmark von TOP-Performern und dem zu erwartenden Risikoprofil der Patienten unter Beachtung aller relevanten externen Leitlinien und fachbezogenen Literaturstandards. Identifikation von nicht erkl\u00e4rbaren Mengenvarianzen und kritische W\u00fcrdigung von Einzelparametern mit unklarer Evidenzlage.<\/p>\n<h4><strong>Projektphasen <\/strong><strong>der Laborberatung<\/strong><\/h4>\n<ol>\n<li><strong>Medstat Quick-Check<\/strong>: Erarbeitung eines Ma\u00dfnahmenkataloges zur Kostensenkung und Effizienzsteigerung<\/li>\n<li><strong>Begleitung der Umsetzung der identifizierten Potentiale<\/strong> im Rahmen der Konsentierung mit den \u00e4rztlichen Entscheidern\/Vorordnern und Auditing. Sicherstellung der Anpassungen durch laufendes Auditing bzw. Erfolgs-Controlling.<\/li>\n<\/ol>\n<ul>\n<li><strong>Benchmark der Einkaufskonditionen, Verhandlungen mit Labordienstleistern und Ger\u00e4teanbietern<\/strong> unter Neuordnung des Mengenger\u00fcstes; <strong>Durchf\u00fchrung von Vergabeverfahren<\/strong> incl. optionaler fachjuristischer Begleitung<\/li>\n<\/ul>\n<h4><strong>Vorgehen\/Methode <\/strong><\/h4>\n<ul>\n<li>Datenbedarf: Aufarbeitung von <strong>Routinedaten<\/strong><\/li>\n<li>Auswertung Patientendaten mittels Ressourcen-Groupern (DRG etc.) <strong><u>und<\/u><\/strong> klinisch-pr\u00e4diktiven Skalen (Risikoadjustierung mittels Disease Staging\u2122 u.a.)<\/li>\n<li>Vor-Ort-Termine mit Gesch\u00e4ftsf\u00fchrung, Laborleitung (Laborbegehung) und verantwortlichen Medizinern\/Medizinerinnen<\/li>\n<li>Erhebung ausgew\u00e4hlter Zusatzdaten nach Erfordernis<\/li>\n<\/ul>\n<h3><strong>Laborberatung, <\/strong><strong>Unsere Leistungen:<\/strong><\/h3>\n<h4><strong>Analyse der Ist-Situation (St\u00e4rken-Schw\u00e4chen-Analyse)<\/strong><\/h4>\n<ul>\n<li>Fallschwerebezogene Analyse der Befundungen und der Abteilungsprofile<\/li>\n<li>Leistungsspektrum in Abh\u00e4ngigkeit von Routinen\/Notfall<\/li>\n<li>Risikoadjustierte \u00dcberpr\u00fcfung des Anforderungsverhaltens der \u00c4rzte<\/li>\n<li>\u00dcberpr\u00fcfung und Neuadjustierung des Einsatzes von Point-of-Care-Methoden (POCT) unter risikoadjustierter Effizienzdarstellung<strong><br \/>\n<\/strong><\/li>\n<\/ul>\n<ul>\n<li>Ger\u00e4te- und Personalausstattung: Sach- und Overhead-Kosten<\/li>\n<li>Personaleinsatzplanung; Analyse der zeitlichen Auslastung des Labors<\/li>\n<li>Benchmark der Einkaufskonditionen<\/li>\n<\/ul>\n<p><strong>Vorstellung der Analyse-Ergebnisse und einer Roll-Out-Konzeption <\/strong><\/p>\n<ul>\n<li>Identifikation der Kostentreiber und Priorisierung der T\u00e4tigkeitsfelder<\/li>\n<li>Anpassung der Befundsteuerung (Menge) durch evidenzbasierte Anpassung des Anforderungsverhaltens der \u00c4rzte\/\u00c4rztinnen<\/li>\n<li>\u00dcberpr\u00fcfung der Evidenz ausgew\u00e4hlter Parameter bezgl. des k\u00fcnftigen Einsatzes<\/li>\n<li>Abstimmung der Laboranalytik mit bildgebenden Verfahren, insbesondere im Bereich der Eingangsdiagnostik<\/li>\n<li>Anpassung der Vertr\u00e4ge \/ Konditionen an Benchmark-Vorgaben<\/li>\n<\/ul>\n<p><strong>Umsetzung der Potentiale\/ Erfolgskontrolle <\/strong><\/p>\n<ul>\n<li>Erarbeitung verbindlicher Protokolle mit den \u00e4rztl. Entscheidungstr\u00e4gern<\/li>\n<li>Laufende \u00dcberpr\u00fcfung der externen Evidenz (Studienlage, Leitlinienrelevanz etc.)<\/li>\n<li>Quartalsweise Ergebnis-Reports und Benchmark-Abgleich<\/li>\n<li>Optional: Kooperationsberatung mit externem Anbieter (Fachlabore etc.)<\/li>\n<\/ul>\n<p>&nbsp;<\/p>","protected":false},"excerpt":{"rendered":"<p>Laborberatung durch erfahrene Laborberater: Vorgehen im Bereich Optimierung Diagnostik Schwerpunkt: Labordiagnostik und bildgebende Verfahren Unser Ansatz bei der Laborberatung Durch [&hellip;]<\/p>","protected":false},"author":1,"featured_media":20,"parent":0,"menu_order":0,"comment_status":"closed","ping_status":"closed","template":"laborberatung.php","meta":[],"acf":[],"yoast_head":"<!-- This site is optimized with the Yoast SEO plugin v19.13 - https:\/\/yoast.com\/wordpress\/plugins\/seo\/ -->\n<title>Laborberatung | Laborberater durch Experten von MEDSTAT<\/title>\n<meta name=\"description\" content=\"Laborberatung \u2713 Laborberater \u2713 unsere Experten bei MEDSTAT beraten Sie gerne in allen Anliegen zum Thema Labor und Prozessoptimierung \u2713\" \/>\n<meta name=\"robots\" content=\"index, follow, max-snippet:-1, max-image-preview:large, max-video-preview:-1\" \/>\n<link rel=\"canonical\" href=\"https:\/\/medstat.eu\/fr\/laborberatung\/\" \/>\n<meta property=\"og:locale\" content=\"fr_FR\" \/>\n<meta property=\"og:type\" content=\"article\" \/>\n<meta property=\"og:title\" content=\"Laborberatung | Laborberater durch Experten von MEDSTAT\" \/>\n<meta property=\"og:description\" content=\"Laborberatung \u2713 Laborberater \u2713 unsere Experten bei MEDSTAT beraten Sie gerne in allen Anliegen zum Thema Labor und Prozessoptimierung \u2713\" \/>\n<meta property=\"og:url\" content=\"https:\/\/medstat.eu\/fr\/laborberatung\/\" \/>\n<meta property=\"og:site_name\" content=\"Medstat\" \/>\n<meta property=\"article:modified_time\" content=\"2021-05-21T08:38:05+00:00\" \/>\n<meta property=\"og:image\" content=\"https:\/\/medstat.eu\/wp-content\/uploads\/2020\/09\/home-banner.jpg\" \/>\n\t<meta property=\"og:image:width\" content=\"1282\" \/>\n\t<meta property=\"og:image:height\" content=\"854\" \/>\n\t<meta property=\"og:image:type\" content=\"image\/jpeg\" \/>\n<meta name=\"twitter:card\" content=\"summary_large_image\" \/>\n<meta name=\"twitter:label1\" content=\"Dur\u00e9e de lecture estim\u00e9e\" \/>\n\t<meta name=\"twitter:data1\" content=\"2 minutes\" \/>\n<script type=\"application\/ld+json\" class=\"yoast-schema-graph\">{\"@context\":\"https:\/\/schema.org\",\"@graph\":[{\"@type\":\"WebPage\",\"@id\":\"https:\/\/medstat.eu\/laborberatung\/\",\"url\":\"https:\/\/medstat.eu\/laborberatung\/\",\"name\":\"Laborberatung | Laborberater durch Experten von MEDSTAT\",\"isPartOf\":{\"@id\":\"https:\/\/medstat.eu\/en\/#website\"},\"datePublished\":\"2020-10-22T14:10:06+00:00\",\"dateModified\":\"2021-05-21T08:38:05+00:00\",\"description\":\"Laborberatung \u2713 Laborberater \u2713 unsere Experten bei MEDSTAT beraten Sie gerne in allen Anliegen zum Thema Labor und Prozessoptimierung \u2713\",\"breadcrumb\":{\"@id\":\"https:\/\/medstat.eu\/laborberatung\/#breadcrumb\"},\"inLanguage\":\"fr-FR\",\"potentialAction\":[{\"@type\":\"ReadAction\",\"target\":[\"https:\/\/medstat.eu\/laborberatung\/\"]}]},{\"@type\":\"BreadcrumbList\",\"@id\":\"https:\/\/medstat.eu\/laborberatung\/#breadcrumb\",\"itemListElement\":[{\"@type\":\"ListItem\",\"position\":1,\"name\":\"Home\",\"item\":\"https:\/\/medstat.eu\/\"},{\"@type\":\"ListItem\",\"position\":2,\"name\":\"Laborberatung\"}]},{\"@type\":\"WebSite\",\"@id\":\"https:\/\/medstat.eu\/en\/#website\",\"url\":\"https:\/\/medstat.eu\/en\/\",\"name\":\"Medstat\",\"description\":\"BETTER INFORMATION BETTER RESULTS\",\"potentialAction\":[{\"@type\":\"SearchAction\",\"target\":{\"@type\":\"EntryPoint\",\"urlTemplate\":\"https:\/\/medstat.eu\/en\/?s={search_term_string}\"},\"query-input\":\"required name=search_term_string\"}],\"inLanguage\":\"fr-FR\"}]}<\/script>\n<!-- \/ Yoast SEO plugin. -->","yoast_head_json":{"title":"Laborberatung | Laborberater durch Experten von MEDSTAT","description":"Laborberatung \u2713 Laborberater \u2713 unsere Experten bei MEDSTAT beraten Sie gerne in allen Anliegen zum Thema Labor und Prozessoptimierung \u2713","robots":{"index":"index","follow":"follow","max-snippet":"max-snippet:-1","max-image-preview":"max-image-preview:large","max-video-preview":"max-video-preview:-1"},"canonical":"https:\/\/medstat.eu\/fr\/laborberatung\/","og_locale":"fr_FR","og_type":"article","og_title":"Laborberatung | Laborberater durch Experten von MEDSTAT","og_description":"Laborberatung \u2713 Laborberater \u2713 unsere Experten bei MEDSTAT beraten Sie gerne in allen Anliegen zum Thema Labor und Prozessoptimierung \u2713","og_url":"https:\/\/medstat.eu\/fr\/laborberatung\/","og_site_name":"Medstat","article_modified_time":"2021-05-21T08:38:05+00:00","og_image":[{"width":1282,"height":854,"url":"https:\/\/medstat.eu\/wp-content\/uploads\/2020\/09\/home-banner.jpg","type":"image\/jpeg"}],"twitter_card":"summary_large_image","twitter_misc":{"Dur\u00e9e de lecture estim\u00e9e":"2 minutes"},"schema":{"@context":"https:\/\/schema.org","@graph":[{"@type":"WebPage","@id":"https:\/\/medstat.eu\/laborberatung\/","url":"https:\/\/medstat.eu\/laborberatung\/","name":"Laborberatung | Laborberater durch Experten von MEDSTAT","isPartOf":{"@id":"https:\/\/medstat.eu\/en\/#website"},"datePublished":"2020-10-22T14:10:06+00:00","dateModified":"2021-05-21T08:38:05+00:00","description":"Laborberatung \u2713 Laborberater \u2713 unsere Experten bei MEDSTAT beraten Sie gerne in allen Anliegen zum Thema Labor und Prozessoptimierung \u2713","breadcrumb":{"@id":"https:\/\/medstat.eu\/laborberatung\/#breadcrumb"},"inLanguage":"fr-FR","potentialAction":[{"@type":"ReadAction","target":["https:\/\/medstat.eu\/laborberatung\/"]}]},{"@type":"BreadcrumbList","@id":"https:\/\/medstat.eu\/laborberatung\/#breadcrumb","itemListElement":[{"@type":"ListItem","position":1,"name":"Home","item":"https:\/\/medstat.eu\/"},{"@type":"ListItem","position":2,"name":"Laborberatung"}]},{"@type":"WebSite","@id":"https:\/\/medstat.eu\/en\/#website","url":"https:\/\/medstat.eu\/en\/","name":"Medstat","description":"BETTER INFORMATION BETTER RESULTS","potentialAction":[{"@type":"SearchAction","target":{"@type":"EntryPoint","urlTemplate":"https:\/\/medstat.eu\/en\/?s={search_term_string}"},"query-input":"required name=search_term_string"}],"inLanguage":"fr-FR"}]}},"_links":{"self":[{"href":"https:\/\/medstat.eu\/fr\/wp-json\/wp\/v2\/pages\/293"}],"collection":[{"href":"https:\/\/medstat.eu\/fr\/wp-json\/wp\/v2\/pages"}],"about":[{"href":"https:\/\/medstat.eu\/fr\/wp-json\/wp\/v2\/types\/page"}],"author":[{"embeddable":true,"href":"https:\/\/medstat.eu\/fr\/wp-json\/wp\/v2\/users\/1"}],"replies":[{"embeddable":true,"href":"https:\/\/medstat.eu\/fr\/wp-json\/wp\/v2\/comments?post=293"}],"version-history":[{"count":9,"href":"https:\/\/medstat.eu\/fr\/wp-json\/wp\/v2\/pages\/293\/revisions"}],"predecessor-version":[{"id":312,"href":"https:\/\/medstat.eu\/fr\/wp-json\/wp\/v2\/pages\/293\/revisions\/312"}],"wp:featuredmedia":[{"embeddable":true,"href":"https:\/\/medstat.eu\/fr\/wp-json\/wp\/v2\/media\/20"}],"wp:attachment":[{"href":"https:\/\/medstat.eu\/fr\/wp-json\/wp\/v2\/media?parent=293"}],"curies":[{"name":"wp","href":"https:\/\/api.w.org\/{rel}","templated":true}]}}