{"id":78,"date":"2020-09-20T13:01:27","date_gmt":"2020-09-20T13:01:27","guid":{"rendered":"https:\/\/medstat.eu\/?page_id=78"},"modified":"2020-10-09T08:00:57","modified_gmt":"2020-10-09T08:00:57","slug":"company","status":"publish","type":"page","link":"https:\/\/medstat.eu\/fr\/company\/","title":{"rendered":"Company"},"content":{"rendered":"<p>Fond\u00e9e en 2011, MEDSTAT S.A. est la filiale luxembourgeoise d'une entreprise de conseil internationale aux racines am\u00e9ricaines. Son objectif est de proposer un meilleur soutien aux \u00e9tablissements de sant\u00e9 et aux assurances sociales en Europe, tant d'un point de vue culturel que factuel. De plus, il fallait satisfaire aux exigences strictes des dispositions europ\u00e9ennes en mati\u00e8re de protection des donn\u00e9es sans pour autant devoir renoncer aux avanc\u00e9es m\u00e9thodologiques au niveau des instruments utilis\u00e9s pour l'ajustement aux risques li\u00e9s \u00e0 la patient\u00e8le, ainsi que dans le secteur de la m\u00e9decine fond\u00e9e sur les donn\u00e9es scientifiques av\u00e9r\u00e9es (Evidence-Based-Medicine (EbM).<\/p>\n<p>MEDSTAT S.A. emploie des sp\u00e9cialistes du secteur de la m\u00e9decine (en particulier des m\u00e9decins), de la pharmacie (en particulier des pharmaciens) et de l'\u00e9conomie de la sant\u00e9. Elle peut en outre compter sur un r\u00e9seau international extr\u00eamement dense d'autres entreprises et d\u2019\u00e9tablissements universitaires, dont tous les efforts se concentrent \u00e9galement sur la \u00ab qualit\u00e9 des prestations de soins m\u00e9dicaux \u00bb.<\/p>","protected":false},"excerpt":{"rendered":"<p>MEDSTAT S.A. wurde 2011 als Tochtergesellschaft einer internationalen Beratungsgesellschaft mit US-amerikanischen Wurzeln in Luxemburg gegr\u00fcndet, um f\u00fcr Gesundheitseinrichtungen und Sozialversicherungen [&hellip;]<\/p>","protected":false},"author":1,"featured_media":79,"parent":0,"menu_order":0,"comment_status":"closed","ping_status":"closed","template":"company.php","meta":[],"acf":[],"yoast_head":"<!-- This site is optimized with the Yoast SEO plugin v19.13 - https:\/\/yoast.com\/wordpress\/plugins\/seo\/ -->\n<title>Company - Medstat<\/title>\n<meta name=\"robots\" content=\"index, follow, max-snippet:-1, max-image-preview:large, max-video-preview:-1\" \/>\n<link rel=\"canonical\" href=\"https:\/\/medstat.eu\/fr\/company\/\" \/>\n<meta property=\"og:locale\" content=\"fr_FR\" \/>\n<meta property=\"og:type\" content=\"article\" \/>\n<meta property=\"og:title\" content=\"Company - Medstat\" \/>\n<meta property=\"og:description\" content=\"MEDSTAT S.A. wurde 2011 als Tochtergesellschaft einer internationalen Beratungsgesellschaft mit US-amerikanischen Wurzeln in Luxemburg gegr\u00fcndet, um f\u00fcr Gesundheitseinrichtungen und Sozialversicherungen [&hellip;]\" \/>\n<meta property=\"og:url\" content=\"https:\/\/medstat.eu\/fr\/company\/\" \/>\n<meta property=\"og:site_name\" content=\"Medstat\" \/>\n<meta property=\"article:modified_time\" content=\"2020-10-09T08:00:57+00:00\" \/>\n<meta property=\"og:image\" content=\"https:\/\/medstat.eu\/wp-content\/uploads\/2020\/09\/UNTERNEHMEN_NEU.jpg\" \/>\n\t<meta property=\"og:image:width\" content=\"1282\" \/>\n\t<meta property=\"og:image:height\" content=\"721\" \/>\n\t<meta property=\"og:image:type\" content=\"image\/jpeg\" \/>\n<meta name=\"twitter:card\" content=\"summary_large_image\" \/>\n<meta name=\"twitter:label1\" content=\"Dur\u00e9e de lecture estim\u00e9e\" \/>\n\t<meta name=\"twitter:data1\" content=\"1 minute\" \/>\n<script type=\"application\/ld+json\" class=\"yoast-schema-graph\">{\"@context\":\"https:\/\/schema.org\",\"@graph\":[{\"@type\":\"WebPage\",\"@id\":\"https:\/\/medstat.eu\/company\/\",\"url\":\"https:\/\/medstat.eu\/company\/\",\"name\":\"Company - Medstat\",\"isPartOf\":{\"@id\":\"https:\/\/medstat.eu\/en\/#website\"},\"datePublished\":\"2020-09-20T13:01:27+00:00\",\"dateModified\":\"2020-10-09T08:00:57+00:00\",\"breadcrumb\":{\"@id\":\"https:\/\/medstat.eu\/company\/#breadcrumb\"},\"inLanguage\":\"fr-FR\",\"potentialAction\":[{\"@type\":\"ReadAction\",\"target\":[\"https:\/\/medstat.eu\/company\/\"]}]},{\"@type\":\"BreadcrumbList\",\"@id\":\"https:\/\/medstat.eu\/company\/#breadcrumb\",\"itemListElement\":[{\"@type\":\"ListItem\",\"position\":1,\"name\":\"Home\",\"item\":\"https:\/\/medstat.eu\/\"},{\"@type\":\"ListItem\",\"position\":2,\"name\":\"Company\"}]},{\"@type\":\"WebSite\",\"@id\":\"https:\/\/medstat.eu\/en\/#website\",\"url\":\"https:\/\/medstat.eu\/en\/\",\"name\":\"Medstat\",\"description\":\"BETTER INFORMATION BETTER RESULTS\",\"potentialAction\":[{\"@type\":\"SearchAction\",\"target\":{\"@type\":\"EntryPoint\",\"urlTemplate\":\"https:\/\/medstat.eu\/en\/?s={search_term_string}\"},\"query-input\":\"required name=search_term_string\"}],\"inLanguage\":\"fr-FR\"}]}<\/script>\n<!-- \/ Yoast SEO plugin. -->","yoast_head_json":{"title":"Company - Medstat","robots":{"index":"index","follow":"follow","max-snippet":"max-snippet:-1","max-image-preview":"max-image-preview:large","max-video-preview":"max-video-preview:-1"},"canonical":"https:\/\/medstat.eu\/fr\/company\/","og_locale":"fr_FR","og_type":"article","og_title":"Company - Medstat","og_description":"MEDSTAT S.A. wurde 2011 als Tochtergesellschaft einer internationalen Beratungsgesellschaft mit US-amerikanischen Wurzeln in Luxemburg gegr\u00fcndet, um f\u00fcr Gesundheitseinrichtungen und Sozialversicherungen [&hellip;]","og_url":"https:\/\/medstat.eu\/fr\/company\/","og_site_name":"Medstat","article_modified_time":"2020-10-09T08:00:57+00:00","og_image":[{"width":1282,"height":721,"url":"https:\/\/medstat.eu\/wp-content\/uploads\/2020\/09\/UNTERNEHMEN_NEU.jpg","type":"image\/jpeg"}],"twitter_card":"summary_large_image","twitter_misc":{"Dur\u00e9e de lecture estim\u00e9e":"1 minute"},"schema":{"@context":"https:\/\/schema.org","@graph":[{"@type":"WebPage","@id":"https:\/\/medstat.eu\/company\/","url":"https:\/\/medstat.eu\/company\/","name":"Company - Medstat","isPartOf":{"@id":"https:\/\/medstat.eu\/en\/#website"},"datePublished":"2020-09-20T13:01:27+00:00","dateModified":"2020-10-09T08:00:57+00:00","breadcrumb":{"@id":"https:\/\/medstat.eu\/company\/#breadcrumb"},"inLanguage":"fr-FR","potentialAction":[{"@type":"ReadAction","target":["https:\/\/medstat.eu\/company\/"]}]},{"@type":"BreadcrumbList","@id":"https:\/\/medstat.eu\/company\/#breadcrumb","itemListElement":[{"@type":"ListItem","position":1,"name":"Home","item":"https:\/\/medstat.eu\/"},{"@type":"ListItem","position":2,"name":"Company"}]},{"@type":"WebSite","@id":"https:\/\/medstat.eu\/en\/#website","url":"https:\/\/medstat.eu\/en\/","name":"Medstat","description":"BETTER INFORMATION BETTER RESULTS","potentialAction":[{"@type":"SearchAction","target":{"@type":"EntryPoint","urlTemplate":"https:\/\/medstat.eu\/en\/?s={search_term_string}"},"query-input":"required name=search_term_string"}],"inLanguage":"fr-FR"}]}},"_links":{"self":[{"href":"https:\/\/medstat.eu\/fr\/wp-json\/wp\/v2\/pages\/78"}],"collection":[{"href":"https:\/\/medstat.eu\/fr\/wp-json\/wp\/v2\/pages"}],"about":[{"href":"https:\/\/medstat.eu\/fr\/wp-json\/wp\/v2\/types\/page"}],"author":[{"embeddable":true,"href":"https:\/\/medstat.eu\/fr\/wp-json\/wp\/v2\/users\/1"}],"replies":[{"embeddable":true,"href":"https:\/\/medstat.eu\/fr\/wp-json\/wp\/v2\/comments?post=78"}],"version-history":[{"count":2,"href":"https:\/\/medstat.eu\/fr\/wp-json\/wp\/v2\/pages\/78\/revisions"}],"predecessor-version":[{"id":234,"href":"https:\/\/medstat.eu\/fr\/wp-json\/wp\/v2\/pages\/78\/revisions\/234"}],"wp:featuredmedia":[{"embeddable":true,"href":"https:\/\/medstat.eu\/fr\/wp-json\/wp\/v2\/media\/79"}],"wp:attachment":[{"href":"https:\/\/medstat.eu\/fr\/wp-json\/wp\/v2\/media?parent=78"}],"curies":[{"name":"wp","href":"https:\/\/api.w.org\/{rel}","templated":true}]}}