{"id":81,"date":"2020-09-20T13:08:18","date_gmt":"2020-09-20T13:08:18","guid":{"rendered":"https:\/\/medstat.eu\/?page_id=81"},"modified":"2020-10-09T08:03:17","modified_gmt":"2020-10-09T08:03:17","slug":"about-us","status":"publish","type":"page","link":"https:\/\/medstat.eu\/fr\/about-us\/","title":{"rendered":"About Us"},"content":{"rendered":"<p>Tous les collaborateurs de MEDSTAT S.A. nourrissent une v\u00e9ritable passion pour l'excellence m\u00e9dicale. Au sein de notre \u00e9quipe, chacun a l'occasion de d\u00e9velopper son expertise technique de mani\u00e8re \u00e0 venir compl\u00e9ter l'expertise de ses coll\u00e8gues et \u00e0 apporter ainsi des informations des plus pr\u00e9cieuses aux clients. Cette expertise est encore renforc\u00e9e par le caract\u00e8re unique des instruments utilis\u00e9s \u00e0 cet effet.<\/p>\n<p>Gr\u00e2ce \u00e0 notre longue exp\u00e9rience internationale, \u00e0 notre haute comp\u00e9tence m\u00e9thodique et \u00e0 nos excellents collaborateurs qualifi\u00e9s, vous pouvez compter sur de nouvelles approches dans la gestion de la qualit\u00e9 et des co\u00fbts de votre \u00e9tablissement hospitalier ou dans votre r\u00e9seau de soins ambulatoires.<\/p>","protected":false},"excerpt":{"rendered":"<p>Die Leidenschaft f\u00fcr das Thema der medizinischen Exzellenz ist f\u00fcr alle Mitarbeiter von MEDSTAT S.A. selbstverst\u00e4ndlich. Wir verstehen uns dabei [&hellip;]<\/p>","protected":false},"author":1,"featured_media":79,"parent":0,"menu_order":0,"comment_status":"closed","ping_status":"closed","template":"about-us.php","meta":[],"acf":[],"yoast_head":"<!-- This site is optimized with the Yoast SEO plugin v19.13 - https:\/\/yoast.com\/wordpress\/plugins\/seo\/ -->\n<title>About Us - Medstat<\/title>\n<meta name=\"robots\" content=\"index, follow, max-snippet:-1, max-image-preview:large, max-video-preview:-1\" \/>\n<link rel=\"canonical\" href=\"https:\/\/medstat.eu\/fr\/about-us\/\" \/>\n<meta property=\"og:locale\" content=\"fr_FR\" \/>\n<meta property=\"og:type\" content=\"article\" \/>\n<meta property=\"og:title\" content=\"About Us - Medstat\" \/>\n<meta property=\"og:description\" content=\"Die Leidenschaft f\u00fcr das Thema der medizinischen Exzellenz ist f\u00fcr alle Mitarbeiter von MEDSTAT S.A. selbstverst\u00e4ndlich. Wir verstehen uns dabei [&hellip;]\" \/>\n<meta property=\"og:url\" content=\"https:\/\/medstat.eu\/fr\/about-us\/\" \/>\n<meta property=\"og:site_name\" content=\"Medstat\" \/>\n<meta property=\"article:modified_time\" content=\"2020-10-09T08:03:17+00:00\" \/>\n<meta property=\"og:image\" content=\"https:\/\/medstat.eu\/wp-content\/uploads\/2020\/09\/UNTERNEHMEN_NEU.jpg\" \/>\n\t<meta property=\"og:image:width\" content=\"1282\" \/>\n\t<meta property=\"og:image:height\" content=\"721\" \/>\n\t<meta property=\"og:image:type\" content=\"image\/jpeg\" \/>\n<meta name=\"twitter:card\" content=\"summary_large_image\" \/>\n<meta name=\"twitter:label1\" content=\"Dur\u00e9e de lecture estim\u00e9e\" \/>\n\t<meta name=\"twitter:data1\" content=\"1 minute\" \/>\n<script type=\"application\/ld+json\" class=\"yoast-schema-graph\">{\"@context\":\"https:\/\/schema.org\",\"@graph\":[{\"@type\":\"WebPage\",\"@id\":\"https:\/\/medstat.eu\/about-us\/\",\"url\":\"https:\/\/medstat.eu\/about-us\/\",\"name\":\"About Us - Medstat\",\"isPartOf\":{\"@id\":\"https:\/\/medstat.eu\/en\/#website\"},\"datePublished\":\"2020-09-20T13:08:18+00:00\",\"dateModified\":\"2020-10-09T08:03:17+00:00\",\"breadcrumb\":{\"@id\":\"https:\/\/medstat.eu\/about-us\/#breadcrumb\"},\"inLanguage\":\"fr-FR\",\"potentialAction\":[{\"@type\":\"ReadAction\",\"target\":[\"https:\/\/medstat.eu\/about-us\/\"]}]},{\"@type\":\"BreadcrumbList\",\"@id\":\"https:\/\/medstat.eu\/about-us\/#breadcrumb\",\"itemListElement\":[{\"@type\":\"ListItem\",\"position\":1,\"name\":\"Home\",\"item\":\"https:\/\/medstat.eu\/\"},{\"@type\":\"ListItem\",\"position\":2,\"name\":\"About Us\"}]},{\"@type\":\"WebSite\",\"@id\":\"https:\/\/medstat.eu\/en\/#website\",\"url\":\"https:\/\/medstat.eu\/en\/\",\"name\":\"Medstat\",\"description\":\"BETTER INFORMATION BETTER RESULTS\",\"potentialAction\":[{\"@type\":\"SearchAction\",\"target\":{\"@type\":\"EntryPoint\",\"urlTemplate\":\"https:\/\/medstat.eu\/en\/?s={search_term_string}\"},\"query-input\":\"required name=search_term_string\"}],\"inLanguage\":\"fr-FR\"}]}<\/script>\n<!-- \/ Yoast SEO plugin. -->","yoast_head_json":{"title":"About Us - Medstat","robots":{"index":"index","follow":"follow","max-snippet":"max-snippet:-1","max-image-preview":"max-image-preview:large","max-video-preview":"max-video-preview:-1"},"canonical":"https:\/\/medstat.eu\/fr\/about-us\/","og_locale":"fr_FR","og_type":"article","og_title":"About Us - Medstat","og_description":"Die Leidenschaft f\u00fcr das Thema der medizinischen Exzellenz ist f\u00fcr alle Mitarbeiter von MEDSTAT S.A. selbstverst\u00e4ndlich. Wir verstehen uns dabei [&hellip;]","og_url":"https:\/\/medstat.eu\/fr\/about-us\/","og_site_name":"Medstat","article_modified_time":"2020-10-09T08:03:17+00:00","og_image":[{"width":1282,"height":721,"url":"https:\/\/medstat.eu\/wp-content\/uploads\/2020\/09\/UNTERNEHMEN_NEU.jpg","type":"image\/jpeg"}],"twitter_card":"summary_large_image","twitter_misc":{"Dur\u00e9e de lecture estim\u00e9e":"1 minute"},"schema":{"@context":"https:\/\/schema.org","@graph":[{"@type":"WebPage","@id":"https:\/\/medstat.eu\/about-us\/","url":"https:\/\/medstat.eu\/about-us\/","name":"About Us - Medstat","isPartOf":{"@id":"https:\/\/medstat.eu\/en\/#website"},"datePublished":"2020-09-20T13:08:18+00:00","dateModified":"2020-10-09T08:03:17+00:00","breadcrumb":{"@id":"https:\/\/medstat.eu\/about-us\/#breadcrumb"},"inLanguage":"fr-FR","potentialAction":[{"@type":"ReadAction","target":["https:\/\/medstat.eu\/about-us\/"]}]},{"@type":"BreadcrumbList","@id":"https:\/\/medstat.eu\/about-us\/#breadcrumb","itemListElement":[{"@type":"ListItem","position":1,"name":"Home","item":"https:\/\/medstat.eu\/"},{"@type":"ListItem","position":2,"name":"About Us"}]},{"@type":"WebSite","@id":"https:\/\/medstat.eu\/en\/#website","url":"https:\/\/medstat.eu\/en\/","name":"Medstat","description":"BETTER INFORMATION BETTER RESULTS","potentialAction":[{"@type":"SearchAction","target":{"@type":"EntryPoint","urlTemplate":"https:\/\/medstat.eu\/en\/?s={search_term_string}"},"query-input":"required name=search_term_string"}],"inLanguage":"fr-FR"}]}},"_links":{"self":[{"href":"https:\/\/medstat.eu\/fr\/wp-json\/wp\/v2\/pages\/81"}],"collection":[{"href":"https:\/\/medstat.eu\/fr\/wp-json\/wp\/v2\/pages"}],"about":[{"href":"https:\/\/medstat.eu\/fr\/wp-json\/wp\/v2\/types\/page"}],"author":[{"embeddable":true,"href":"https:\/\/medstat.eu\/fr\/wp-json\/wp\/v2\/users\/1"}],"replies":[{"embeddable":true,"href":"https:\/\/medstat.eu\/fr\/wp-json\/wp\/v2\/comments?post=81"}],"version-history":[{"count":2,"href":"https:\/\/medstat.eu\/fr\/wp-json\/wp\/v2\/pages\/81\/revisions"}],"predecessor-version":[{"id":237,"href":"https:\/\/medstat.eu\/fr\/wp-json\/wp\/v2\/pages\/81\/revisions\/237"}],"wp:featuredmedia":[{"embeddable":true,"href":"https:\/\/medstat.eu\/fr\/wp-json\/wp\/v2\/media\/79"}],"wp:attachment":[{"href":"https:\/\/medstat.eu\/fr\/wp-json\/wp\/v2\/media?parent=81"}],"curies":[{"name":"wp","href":"https:\/\/api.w.org\/{rel}","templated":true}]}}