{"id":83,"date":"2020-09-20T13:10:11","date_gmt":"2020-09-20T13:10:11","guid":{"rendered":"https:\/\/medstat.eu\/?page_id=83"},"modified":"2020-10-09T10:00:16","modified_gmt":"2020-10-09T10:00:16","slug":"consulting","status":"publish","type":"page","link":"https:\/\/medstat.eu\/fr\/consulting\/","title":{"rendered":"Consulting"},"content":{"rendered":"<h3>BETTER INFORMATION. BETTER RESULTS.<\/h3>\n<p>Les points de d\u00e9part de nos activit\u00e9s consultatives sont, d'une part, le patient et sa situation personnelle (entre autres la gravit\u00e9 de son cas et la comorbidit\u00e9) et, d'autre part, les preuves scientifiques externes disponibles (\u00e9tudes, etc.) par rapport aux traitements importants. Notre d\u00e9finition d\u2019une qualit\u00e9 \u00e9lev\u00e9e de soins m\u00e9dicaux revient \u00e0 maintenir l'\u00e9quilibre entre lesdites positions au point de vue de la prise en charge ad\u00e9quate des patients ; Des surco\u00fbts pouvant \u00eatre justifi\u00e9s ainsi que le gaspillage (souvent dans des routines d\u00e9su\u00e8tes ou non m\u00fbrement r\u00e9fl\u00e9chies) doivent \u00eatre alors identifi\u00e9s. Etant donn\u00e9 que le d\u00e9veloppement d'une approche consultative bas\u00e9e sur les donn\u00e9es scientifiques disponibles repose essentiellement sur l\u2019actualit\u00e9 des r\u00e9sultats d\u2019\u00e9tudes m\u00e9dicales, il est d\u2019autant plus important d\u2019avoir acc\u00e8s \u00e0 des banques de donn\u00e9es r\u00e9guli\u00e8rement actualis\u00e9es et reconnues au niveau international.<\/p>","protected":false},"excerpt":{"rendered":"<p>BETTER INFORMATION. BETTER RESULTS. Ausgangspunkte f\u00fcr unseren Beratungsansatz sind einerseits der Patient in seiner spezifischen Krankheitssituation (Fallschwere, Komorbidit\u00e4ten u.a.) und [&hellip;]<\/p>","protected":false},"author":1,"featured_media":79,"parent":0,"menu_order":0,"comment_status":"closed","ping_status":"closed","template":"consulting.php","meta":[],"acf":[],"yoast_head":"<!-- This site is optimized with the Yoast SEO plugin v19.13 - https:\/\/yoast.com\/wordpress\/plugins\/seo\/ -->\n<title>Consulting - Medstat<\/title>\n<meta name=\"robots\" content=\"index, follow, max-snippet:-1, max-image-preview:large, max-video-preview:-1\" \/>\n<link rel=\"canonical\" href=\"https:\/\/medstat.eu\/fr\/consulting\/\" \/>\n<meta property=\"og:locale\" content=\"fr_FR\" \/>\n<meta property=\"og:type\" content=\"article\" \/>\n<meta property=\"og:title\" content=\"Consulting - Medstat\" \/>\n<meta property=\"og:description\" content=\"BETTER INFORMATION. BETTER RESULTS. Ausgangspunkte f\u00fcr unseren Beratungsansatz sind einerseits der Patient in seiner spezifischen Krankheitssituation (Fallschwere, Komorbidit\u00e4ten u.a.) und [&hellip;]\" \/>\n<meta property=\"og:url\" content=\"https:\/\/medstat.eu\/fr\/consulting\/\" \/>\n<meta property=\"og:site_name\" content=\"Medstat\" \/>\n<meta property=\"article:modified_time\" content=\"2020-10-09T10:00:16+00:00\" \/>\n<meta property=\"og:image\" content=\"https:\/\/medstat.eu\/wp-content\/uploads\/2020\/09\/UNTERNEHMEN_NEU.jpg\" \/>\n\t<meta property=\"og:image:width\" content=\"1282\" \/>\n\t<meta property=\"og:image:height\" content=\"721\" \/>\n\t<meta property=\"og:image:type\" content=\"image\/jpeg\" \/>\n<meta name=\"twitter:card\" content=\"summary_large_image\" \/>\n<meta name=\"twitter:label1\" content=\"Dur\u00e9e de lecture estim\u00e9e\" \/>\n\t<meta name=\"twitter:data1\" content=\"1 minute\" \/>\n<script type=\"application\/ld+json\" class=\"yoast-schema-graph\">{\"@context\":\"https:\/\/schema.org\",\"@graph\":[{\"@type\":\"WebPage\",\"@id\":\"https:\/\/medstat.eu\/consulting\/\",\"url\":\"https:\/\/medstat.eu\/consulting\/\",\"name\":\"Consulting - Medstat\",\"isPartOf\":{\"@id\":\"https:\/\/medstat.eu\/en\/#website\"},\"datePublished\":\"2020-09-20T13:10:11+00:00\",\"dateModified\":\"2020-10-09T10:00:16+00:00\",\"breadcrumb\":{\"@id\":\"https:\/\/medstat.eu\/consulting\/#breadcrumb\"},\"inLanguage\":\"fr-FR\",\"potentialAction\":[{\"@type\":\"ReadAction\",\"target\":[\"https:\/\/medstat.eu\/consulting\/\"]}]},{\"@type\":\"BreadcrumbList\",\"@id\":\"https:\/\/medstat.eu\/consulting\/#breadcrumb\",\"itemListElement\":[{\"@type\":\"ListItem\",\"position\":1,\"name\":\"Home\",\"item\":\"https:\/\/medstat.eu\/\"},{\"@type\":\"ListItem\",\"position\":2,\"name\":\"Consulting\"}]},{\"@type\":\"WebSite\",\"@id\":\"https:\/\/medstat.eu\/en\/#website\",\"url\":\"https:\/\/medstat.eu\/en\/\",\"name\":\"Medstat\",\"description\":\"BETTER INFORMATION BETTER RESULTS\",\"potentialAction\":[{\"@type\":\"SearchAction\",\"target\":{\"@type\":\"EntryPoint\",\"urlTemplate\":\"https:\/\/medstat.eu\/en\/?s={search_term_string}\"},\"query-input\":\"required name=search_term_string\"}],\"inLanguage\":\"fr-FR\"}]}<\/script>\n<!-- \/ Yoast SEO plugin. -->","yoast_head_json":{"title":"Consulting - Medstat","robots":{"index":"index","follow":"follow","max-snippet":"max-snippet:-1","max-image-preview":"max-image-preview:large","max-video-preview":"max-video-preview:-1"},"canonical":"https:\/\/medstat.eu\/fr\/consulting\/","og_locale":"fr_FR","og_type":"article","og_title":"Consulting - Medstat","og_description":"BETTER INFORMATION. BETTER RESULTS. Ausgangspunkte f\u00fcr unseren Beratungsansatz sind einerseits der Patient in seiner spezifischen Krankheitssituation (Fallschwere, Komorbidit\u00e4ten u.a.) und [&hellip;]","og_url":"https:\/\/medstat.eu\/fr\/consulting\/","og_site_name":"Medstat","article_modified_time":"2020-10-09T10:00:16+00:00","og_image":[{"width":1282,"height":721,"url":"https:\/\/medstat.eu\/wp-content\/uploads\/2020\/09\/UNTERNEHMEN_NEU.jpg","type":"image\/jpeg"}],"twitter_card":"summary_large_image","twitter_misc":{"Dur\u00e9e de lecture estim\u00e9e":"1 minute"},"schema":{"@context":"https:\/\/schema.org","@graph":[{"@type":"WebPage","@id":"https:\/\/medstat.eu\/consulting\/","url":"https:\/\/medstat.eu\/consulting\/","name":"Consulting - Medstat","isPartOf":{"@id":"https:\/\/medstat.eu\/en\/#website"},"datePublished":"2020-09-20T13:10:11+00:00","dateModified":"2020-10-09T10:00:16+00:00","breadcrumb":{"@id":"https:\/\/medstat.eu\/consulting\/#breadcrumb"},"inLanguage":"fr-FR","potentialAction":[{"@type":"ReadAction","target":["https:\/\/medstat.eu\/consulting\/"]}]},{"@type":"BreadcrumbList","@id":"https:\/\/medstat.eu\/consulting\/#breadcrumb","itemListElement":[{"@type":"ListItem","position":1,"name":"Home","item":"https:\/\/medstat.eu\/"},{"@type":"ListItem","position":2,"name":"Consulting"}]},{"@type":"WebSite","@id":"https:\/\/medstat.eu\/en\/#website","url":"https:\/\/medstat.eu\/en\/","name":"Medstat","description":"BETTER INFORMATION BETTER RESULTS","potentialAction":[{"@type":"SearchAction","target":{"@type":"EntryPoint","urlTemplate":"https:\/\/medstat.eu\/en\/?s={search_term_string}"},"query-input":"required name=search_term_string"}],"inLanguage":"fr-FR"}]}},"_links":{"self":[{"href":"https:\/\/medstat.eu\/fr\/wp-json\/wp\/v2\/pages\/83"}],"collection":[{"href":"https:\/\/medstat.eu\/fr\/wp-json\/wp\/v2\/pages"}],"about":[{"href":"https:\/\/medstat.eu\/fr\/wp-json\/wp\/v2\/types\/page"}],"author":[{"embeddable":true,"href":"https:\/\/medstat.eu\/fr\/wp-json\/wp\/v2\/users\/1"}],"replies":[{"embeddable":true,"href":"https:\/\/medstat.eu\/fr\/wp-json\/wp\/v2\/comments?post=83"}],"version-history":[{"count":3,"href":"https:\/\/medstat.eu\/fr\/wp-json\/wp\/v2\/pages\/83\/revisions"}],"predecessor-version":[{"id":241,"href":"https:\/\/medstat.eu\/fr\/wp-json\/wp\/v2\/pages\/83\/revisions\/241"}],"wp:featuredmedia":[{"embeddable":true,"href":"https:\/\/medstat.eu\/fr\/wp-json\/wp\/v2\/media\/79"}],"wp:attachment":[{"href":"https:\/\/medstat.eu\/fr\/wp-json\/wp\/v2\/media?parent=83"}],"curies":[{"name":"wp","href":"https:\/\/api.w.org\/{rel}","templated":true}]}}